{"id":8227,"date":"2023-11-27T22:20:23","date_gmt":"2023-11-27T21:20:23","guid":{"rendered":"http:\/\/stampcurio.com\/?post_type=product&#038;p=8227"},"modified":"2025-12-05T04:10:14","modified_gmt":"2025-12-05T03:10:14","slug":"1858-ausztria-hirlapbelyeg-barnaslila-hasznalatlan-ferchenbauer-1-300-eur-attest-goller","status":"publish","type":"product","link":"https:\/\/stampcurio.com\/hu\/termek\/1858-ausztria-hirlapbelyeg-barnaslila-hasznalatlan-ferchenbauer-1-300-eur-attest-goller\/","title":{"rendered":"1858 Ausztria h\u00edrlapb\u00e9lyeg barn\u00e1slila haszn\u00e1latlan * &#8211; Ferchenbauer 1.300 EUR &#8211; Attest Goller"},"content":{"rendered":"","protected":false},"excerpt":{"rendered":"","protected":false},"featured_media":8042,"template":"","meta":[],"product_brand":[],"product_cat":[60,86],"product_tag":[1044,116],"class_list":{"0":"post-8227","1":"product","2":"type-product","3":"status-publish","4":"has-post-thumbnail","6":"product_cat-ausztria-1st","7":"product_cat-olaszorszag-1st","8":"product_tag-1st-auction-hu","9":"product_tag-belyeg","10":"pa_catalog_id-861","12":"first","13":"outofstock","14":"sold-individually","15":"shipping-taxable","16":"product-type-simple"},"_links":{"self":[{"href":"https:\/\/stampcurio.com\/hu\/wp-json\/wp\/v2\/product\/8227","targetHints":{"allow":["GET"]}}],"collection":[{"href":"https:\/\/stampcurio.com\/hu\/wp-json\/wp\/v2\/product"}],"about":[{"href":"https:\/\/stampcurio.com\/hu\/wp-json\/wp\/v2\/types\/product"}],"wp:featuredmedia":[{"embeddable":true,"href":"https:\/\/stampcurio.com\/hu\/wp-json\/wp\/v2\/media\/8042"}],"wp:attachment":[{"href":"https:\/\/stampcurio.com\/hu\/wp-json\/wp\/v2\/media?parent=8227"}],"wp:term":[{"taxonomy":"product_brand","embeddable":true,"href":"https:\/\/stampcurio.com\/hu\/wp-json\/wp\/v2\/product_brand?post=8227"},{"taxonomy":"product_cat","embeddable":true,"href":"https:\/\/stampcurio.com\/hu\/wp-json\/wp\/v2\/product_cat?post=8227"},{"taxonomy":"product_tag","embeddable":true,"href":"https:\/\/stampcurio.com\/hu\/wp-json\/wp\/v2\/product_tag?post=8227"}],"curies":[{"name":"wp","href":"https:\/\/api.w.org\/{rel}","templated":true}]}}