{"id":8224,"date":"2023-11-27T22:12:20","date_gmt":"2023-11-27T21:12:20","guid":{"rendered":"http:\/\/stampcurio.com\/?post_type=product&#038;p=8224"},"modified":"2025-12-05T04:10:14","modified_gmt":"2025-12-05T03:10:14","slug":"1850-ausztria-6kr-hp-iii-tipus-nagy-vizjellel-lemezhiba-festekfolt-spalato-belyegzes-attest-goller","status":"publish","type":"product","link":"https:\/\/stampcurio.com\/hu\/termek\/1850-ausztria-6kr-hp-iii-tipus-nagy-vizjellel-lemezhiba-festekfolt-spalato-belyegzes-attest-goller\/","title":{"rendered":"1850 Ausztria 6kr HP III. tipus nagy v\u00edzjellel, lemezhiba, fest\u00e9kfolt &#8211; SPALATO b\u00e9lyegz\u00e9s &#8211; Attest Goller"},"content":{"rendered":"","protected":false},"excerpt":{"rendered":"","protected":false},"featured_media":8030,"template":"","meta":[],"product_brand":[],"product_cat":[60,78],"product_tag":[1044,116,217,1006],"class_list":{"0":"post-8224","1":"product","2":"type-product","3":"status-publish","4":"has-post-thumbnail","6":"product_cat-ausztria-1st","7":"product_cat-horvatorszag-1st","8":"product_tag-1st-auction-hu","9":"product_tag-belyeg","10":"product_tag-tevnyomat","11":"product_tag-unsold","12":"pa_catalog_id-860","14":"first","15":"outofstock","16":"sold-individually","17":"shipping-taxable","18":"product-type-simple"},"_links":{"self":[{"href":"https:\/\/stampcurio.com\/hu\/wp-json\/wp\/v2\/product\/8224","targetHints":{"allow":["GET"]}}],"collection":[{"href":"https:\/\/stampcurio.com\/hu\/wp-json\/wp\/v2\/product"}],"about":[{"href":"https:\/\/stampcurio.com\/hu\/wp-json\/wp\/v2\/types\/product"}],"wp:featuredmedia":[{"embeddable":true,"href":"https:\/\/stampcurio.com\/hu\/wp-json\/wp\/v2\/media\/8030"}],"wp:attachment":[{"href":"https:\/\/stampcurio.com\/hu\/wp-json\/wp\/v2\/media?parent=8224"}],"wp:term":[{"taxonomy":"product_brand","embeddable":true,"href":"https:\/\/stampcurio.com\/hu\/wp-json\/wp\/v2\/product_brand?post=8224"},{"taxonomy":"product_cat","embeddable":true,"href":"https:\/\/stampcurio.com\/hu\/wp-json\/wp\/v2\/product_cat?post=8224"},{"taxonomy":"product_tag","embeddable":true,"href":"https:\/\/stampcurio.com\/hu\/wp-json\/wp\/v2\/product_tag?post=8224"}],"curies":[{"name":"wp","href":"https:\/\/api.w.org\/{rel}","templated":true}]}}