{"id":8218,"date":"2023-11-27T21:55:22","date_gmt":"2023-11-27T20:55:22","guid":{"rendered":"http:\/\/stampcurio.com\/?post_type=product&#038;p=8218"},"modified":"2025-12-05T04:10:15","modified_gmt":"2025-12-05T03:10:15","slug":"1850-ausztria-2kr-hp-iii-a-tipus-melyfekete-vastag-papiron-012mm-pesth-belyegzes-ferchenbauer-135-eur-attest-goller","status":"publish","type":"product","link":"https:\/\/stampcurio.com\/hu\/termek\/1850-ausztria-2kr-hp-iii-a-tipus-melyfekete-vastag-papiron-012mm-pesth-belyegzes-ferchenbauer-135-eur-attest-goller\/","title":{"rendered":"1850 Ausztria 2kr HP III.a tipus m\u00e9lyfekete, vastag pap\u00edron 0,12mm &#8211; PESTH b\u00e9lyegz\u00e9s &#8211; Ferchenbauer 135 EUR &#8211; Attest Goller"},"content":{"rendered":"","protected":false},"excerpt":{"rendered":"","protected":false},"featured_media":12090,"template":"","meta":[],"product_brand":[],"product_cat":[60,73],"product_tag":[1044,116,67],"class_list":{"0":"post-8218","1":"product","2":"type-product","3":"status-publish","4":"has-post-thumbnail","6":"product_cat-ausztria-1st","7":"product_cat-magyarorszag-1st","8":"product_tag-1st-auction-hu","9":"product_tag-belyeg","10":"product_tag-marcofilatelia","11":"pa_catalog_id-858","13":"first","14":"outofstock","15":"sold-individually","16":"shipping-taxable","17":"product-type-simple"},"_links":{"self":[{"href":"https:\/\/stampcurio.com\/hu\/wp-json\/wp\/v2\/product\/8218","targetHints":{"allow":["GET"]}}],"collection":[{"href":"https:\/\/stampcurio.com\/hu\/wp-json\/wp\/v2\/product"}],"about":[{"href":"https:\/\/stampcurio.com\/hu\/wp-json\/wp\/v2\/types\/product"}],"wp:featuredmedia":[{"embeddable":true,"href":"https:\/\/stampcurio.com\/hu\/wp-json\/wp\/v2\/media\/12090"}],"wp:attachment":[{"href":"https:\/\/stampcurio.com\/hu\/wp-json\/wp\/v2\/media?parent=8218"}],"wp:term":[{"taxonomy":"product_brand","embeddable":true,"href":"https:\/\/stampcurio.com\/hu\/wp-json\/wp\/v2\/product_brand?post=8218"},{"taxonomy":"product_cat","embeddable":true,"href":"https:\/\/stampcurio.com\/hu\/wp-json\/wp\/v2\/product_cat?post=8218"},{"taxonomy":"product_tag","embeddable":true,"href":"https:\/\/stampcurio.com\/hu\/wp-json\/wp\/v2\/product_tag?post=8218"}],"curies":[{"name":"wp","href":"https:\/\/api.w.org\/{rel}","templated":true}]}}