{"id":8214,"date":"2023-11-27T21:47:58","date_gmt":"2023-11-27T20:47:58","guid":{"rendered":"http:\/\/stampcurio.com\/?post_type=product&#038;p=8214"},"modified":"2025-12-05T04:10:15","modified_gmt":"2025-12-05T03:10:15","slug":"1850-ausztria-6kr-hp-ia-tipus-szurkesbarna-gepszinatnyomat-recom-lebelyegzes-mueller-72p-ferchenbauer-60-eur-attest-goller","status":"publish","type":"product","link":"https:\/\/stampcurio.com\/hu\/termek\/1850-ausztria-6kr-hp-ia-tipus-szurkesbarna-gepszinatnyomat-recom-lebelyegzes-mueller-72p-ferchenbauer-60-eur-attest-goller\/","title":{"rendered":"1850 Ausztria 6kr HP Ia tipus sz\u00fcrk\u00e9sbarna, g\u00e9psz\u00edn\u00e1tnyomat &#8211; RECOM leb\u00e9lyegz\u00e9s Mueller 72p &#8211; Ferchenbauer 60 EUR &#8211; Attest Goller"},"content":{"rendered":"","protected":false},"excerpt":{"rendered":"","protected":false},"featured_media":7993,"template":"","meta":[],"product_brand":[],"product_cat":[60,239,78,73,105],"product_tag":[1044,116,67],"class_list":{"0":"post-8214","1":"product","2":"type-product","3":"status-publish","4":"has-post-thumbnail","6":"product_cat-ausztria-1st","7":"product_cat-csehorszag-1st","8":"product_cat-horvatorszag-1st","9":"product_cat-magyarorszag-1st","10":"product_cat-romania-1st","11":"product_tag-1st-auction-hu","12":"product_tag-belyeg","13":"product_tag-marcofilatelia","14":"pa_catalog_id-857","16":"first","17":"outofstock","18":"sold-individually","19":"shipping-taxable","20":"product-type-simple"},"_links":{"self":[{"href":"https:\/\/stampcurio.com\/hu\/wp-json\/wp\/v2\/product\/8214","targetHints":{"allow":["GET"]}}],"collection":[{"href":"https:\/\/stampcurio.com\/hu\/wp-json\/wp\/v2\/product"}],"about":[{"href":"https:\/\/stampcurio.com\/hu\/wp-json\/wp\/v2\/types\/product"}],"wp:featuredmedia":[{"embeddable":true,"href":"https:\/\/stampcurio.com\/hu\/wp-json\/wp\/v2\/media\/7993"}],"wp:attachment":[{"href":"https:\/\/stampcurio.com\/hu\/wp-json\/wp\/v2\/media?parent=8214"}],"wp:term":[{"taxonomy":"product_brand","embeddable":true,"href":"https:\/\/stampcurio.com\/hu\/wp-json\/wp\/v2\/product_brand?post=8214"},{"taxonomy":"product_cat","embeddable":true,"href":"https:\/\/stampcurio.com\/hu\/wp-json\/wp\/v2\/product_cat?post=8214"},{"taxonomy":"product_tag","embeddable":true,"href":"https:\/\/stampcurio.com\/hu\/wp-json\/wp\/v2\/product_tag?post=8214"}],"curies":[{"name":"wp","href":"https:\/\/api.w.org\/{rel}","templated":true}]}}