{"id":8203,"date":"2023-11-27T21:21:38","date_gmt":"2023-11-27T20:21:38","guid":{"rendered":"http:\/\/stampcurio.com\/?post_type=product&#038;p=8203"},"modified":"2025-12-05T04:10:17","modified_gmt":"2025-12-05T03:10:17","slug":"1850-ausztria-3kr-hp-ib-tipus-rozsaszin-vekony-papiron-007mm-bistritz-belyegzes-mueller-30p-ferchenbauer-40-eur-attest-goller","status":"publish","type":"product","link":"https:\/\/stampcurio.com\/hu\/termek\/1850-ausztria-3kr-hp-ib-tipus-rozsaszin-vekony-papiron-007mm-bistritz-belyegzes-mueller-30p-ferchenbauer-40-eur-attest-goller\/","title":{"rendered":"1850 Ausztria 3kr HP Ib tipus r\u00f3zsasz\u00edn, v\u00e9kony pap\u00edron 0,07mm &#8211; BISTRITZ b\u00e9lyegz\u00e9s \/ Mueller 30p &#8211; Ferchenbauer 40+ EUR &#8211; Attest Goller"},"content":{"rendered":"","protected":false},"excerpt":{"rendered":"<p>Mueller 30 pont \/ Gudlin 500 pont<\/p>\n<p>A k\u00e9t b\u00e9lyeg nincs \u00f6sszeragasztva.<\/p>\n","protected":false},"featured_media":7945,"template":"","meta":[],"product_brand":[],"product_cat":[60,73,105],"product_tag":[1044,116,1008,67],"class_list":{"0":"post-8203","1":"product","2":"type-product","3":"status-publish","4":"has-post-thumbnail","6":"product_cat-ausztria-1st","7":"product_cat-magyarorszag-1st","8":"product_cat-romania-1st","9":"product_tag-1st-auction-hu","10":"product_tag-belyeg","11":"product_tag-ebay","12":"product_tag-marcofilatelia","13":"pa_catalog_id-853","15":"first","16":"outofstock","17":"sold-individually","18":"shipping-taxable","19":"product-type-simple"},"_links":{"self":[{"href":"https:\/\/stampcurio.com\/hu\/wp-json\/wp\/v2\/product\/8203","targetHints":{"allow":["GET"]}}],"collection":[{"href":"https:\/\/stampcurio.com\/hu\/wp-json\/wp\/v2\/product"}],"about":[{"href":"https:\/\/stampcurio.com\/hu\/wp-json\/wp\/v2\/types\/product"}],"wp:featuredmedia":[{"embeddable":true,"href":"https:\/\/stampcurio.com\/hu\/wp-json\/wp\/v2\/media\/7945"}],"wp:attachment":[{"href":"https:\/\/stampcurio.com\/hu\/wp-json\/wp\/v2\/media?parent=8203"}],"wp:term":[{"taxonomy":"product_brand","embeddable":true,"href":"https:\/\/stampcurio.com\/hu\/wp-json\/wp\/v2\/product_brand?post=8203"},{"taxonomy":"product_cat","embeddable":true,"href":"https:\/\/stampcurio.com\/hu\/wp-json\/wp\/v2\/product_cat?post=8203"},{"taxonomy":"product_tag","embeddable":true,"href":"https:\/\/stampcurio.com\/hu\/wp-json\/wp\/v2\/product_tag?post=8203"}],"curies":[{"name":"wp","href":"https:\/\/api.w.org\/{rel}","templated":true}]}}