{"id":8200,"date":"2023-11-27T21:04:46","date_gmt":"2023-11-27T20:04:46","guid":{"rendered":"http:\/\/stampcurio.com\/?post_type=product&#038;p=8200"},"modified":"2025-12-05T04:10:18","modified_gmt":"2025-12-05T03:10:18","slug":"1850-ausztria-3kr-hp-ia-3-tipus-rozsaszin-vekony-papiron-007mm-fiume-belyegzes-ferchenbauer-20-eur-attest-goller","status":"publish","type":"product","link":"https:\/\/stampcurio.com\/hu\/termek\/1850-ausztria-3kr-hp-ia-3-tipus-rozsaszin-vekony-papiron-007mm-fiume-belyegzes-ferchenbauer-20-eur-attest-goller\/","title":{"rendered":"1850 Ausztria 3kr HP Ia\/3 tipus r\u00f3zsasz\u00edn, v\u00e9kony pap\u00edron 0,07mm &#8211; FIUME b\u00e9lyegz\u00e9s &#8211; Ferchenbauer 20+ EUR &#8211; Attest Goller"},"content":{"rendered":"","protected":false},"excerpt":{"rendered":"","protected":false},"featured_media":12117,"template":"","meta":[],"product_brand":[],"product_cat":[60,78,73,86],"product_tag":[1044,116,67],"class_list":{"0":"post-8200","1":"product","2":"type-product","3":"status-publish","4":"has-post-thumbnail","6":"product_cat-ausztria-1st","7":"product_cat-horvatorszag-1st","8":"product_cat-magyarorszag-1st","9":"product_cat-olaszorszag-1st","10":"product_tag-1st-auction-hu","11":"product_tag-belyeg","12":"product_tag-marcofilatelia","13":"pa_catalog_id-852","15":"first","16":"outofstock","17":"sold-individually","18":"shipping-taxable","19":"product-type-simple"},"_links":{"self":[{"href":"https:\/\/stampcurio.com\/hu\/wp-json\/wp\/v2\/product\/8200","targetHints":{"allow":["GET"]}}],"collection":[{"href":"https:\/\/stampcurio.com\/hu\/wp-json\/wp\/v2\/product"}],"about":[{"href":"https:\/\/stampcurio.com\/hu\/wp-json\/wp\/v2\/types\/product"}],"wp:featuredmedia":[{"embeddable":true,"href":"https:\/\/stampcurio.com\/hu\/wp-json\/wp\/v2\/media\/12117"}],"wp:attachment":[{"href":"https:\/\/stampcurio.com\/hu\/wp-json\/wp\/v2\/media?parent=8200"}],"wp:term":[{"taxonomy":"product_brand","embeddable":true,"href":"https:\/\/stampcurio.com\/hu\/wp-json\/wp\/v2\/product_brand?post=8200"},{"taxonomy":"product_cat","embeddable":true,"href":"https:\/\/stampcurio.com\/hu\/wp-json\/wp\/v2\/product_cat?post=8200"},{"taxonomy":"product_tag","embeddable":true,"href":"https:\/\/stampcurio.com\/hu\/wp-json\/wp\/v2\/product_tag?post=8200"}],"curies":[{"name":"wp","href":"https:\/\/api.w.org\/{rel}","templated":true}]}}