{"id":8198,"date":"2023-11-27T21:00:20","date_gmt":"2023-11-27T20:00:20","guid":{"rendered":"http:\/\/stampcurio.com\/?post_type=product&#038;p=8198"},"modified":"2025-12-05T04:10:18","modified_gmt":"2025-12-05T03:10:18","slug":"1850-ausztria-9kr-hp-ii-c-tipus-szelenyomat-lemezhiba-selyempapiron-006mm-elisabethstadt-belyegzes-ferchenbauer-60-eur-attest-goller","status":"publish","type":"product","link":"https:\/\/stampcurio.com\/hu\/termek\/1850-ausztria-9kr-hp-ii-c-tipus-szelenyomat-lemezhiba-selyempapiron-006mm-elisabethstadt-belyegzes-ferchenbauer-60-eur-attest-goller\/","title":{"rendered":"1850 Ausztria 9kr HP II.c tipus sz\u00e9lenyomat, lemezhiba, selyempap\u00edron 0,06mm &#8211; ELISABETHSTADT b\u00e9lyegz\u00e9s &#8211; Ferchenbauer 60+ EUR &#8211; Attest Goller"},"content":{"rendered":"","protected":false},"excerpt":{"rendered":"","protected":false},"featured_media":12124,"template":"","meta":[],"product_brand":[],"product_cat":[60,73,105],"product_tag":[1044,116,67,217],"class_list":{"0":"post-8198","1":"product","2":"type-product","3":"status-publish","4":"has-post-thumbnail","6":"product_cat-ausztria-1st","7":"product_cat-magyarorszag-1st","8":"product_cat-romania-1st","9":"product_tag-1st-auction-hu","10":"product_tag-belyeg","11":"product_tag-marcofilatelia","12":"product_tag-tevnyomat","13":"pa_catalog_id-851","15":"first","16":"outofstock","17":"sold-individually","18":"shipping-taxable","19":"product-type-simple"},"_links":{"self":[{"href":"https:\/\/stampcurio.com\/hu\/wp-json\/wp\/v2\/product\/8198","targetHints":{"allow":["GET"]}}],"collection":[{"href":"https:\/\/stampcurio.com\/hu\/wp-json\/wp\/v2\/product"}],"about":[{"href":"https:\/\/stampcurio.com\/hu\/wp-json\/wp\/v2\/types\/product"}],"wp:featuredmedia":[{"embeddable":true,"href":"https:\/\/stampcurio.com\/hu\/wp-json\/wp\/v2\/media\/12124"}],"wp:attachment":[{"href":"https:\/\/stampcurio.com\/hu\/wp-json\/wp\/v2\/media?parent=8198"}],"wp:term":[{"taxonomy":"product_brand","embeddable":true,"href":"https:\/\/stampcurio.com\/hu\/wp-json\/wp\/v2\/product_brand?post=8198"},{"taxonomy":"product_cat","embeddable":true,"href":"https:\/\/stampcurio.com\/hu\/wp-json\/wp\/v2\/product_cat?post=8198"},{"taxonomy":"product_tag","embeddable":true,"href":"https:\/\/stampcurio.com\/hu\/wp-json\/wp\/v2\/product_tag?post=8198"}],"curies":[{"name":"wp","href":"https:\/\/api.w.org\/{rel}","templated":true}]}}