{"id":8193,"date":"2023-11-27T20:50:35","date_gmt":"2023-11-27T19:50:35","guid":{"rendered":"http:\/\/stampcurio.com\/?post_type=product&#038;p=8193"},"modified":"2025-12-05T04:10:19","modified_gmt":"2025-12-05T03:10:19","slug":"1850-ausztria-3kr-hp-iii-a-tipus-rozsaszin-szep-fiume-lebelyegzes-lemezhiba-attest-goller","status":"publish","type":"product","link":"https:\/\/stampcurio.com\/hu\/termek\/1850-ausztria-3kr-hp-iii-a-tipus-rozsaszin-szep-fiume-lebelyegzes-lemezhiba-attest-goller\/","title":{"rendered":"1850 Ausztria 3kr HP III.a tipus r\u00f3zsasz\u00edn &#8211; sz\u00e9p FIUME leb\u00e9lyegz\u00e9s &#8211; lemezhiba &#8211; Attest Goller"},"content":{"rendered":"","protected":false},"excerpt":{"rendered":"","protected":false},"featured_media":7906,"template":"","meta":[],"product_brand":[],"product_cat":[60,78,73,86],"product_tag":[1044,116,67,217],"class_list":{"0":"post-8193","1":"product","2":"type-product","3":"status-publish","4":"has-post-thumbnail","6":"product_cat-ausztria-1st","7":"product_cat-horvatorszag-1st","8":"product_cat-magyarorszag-1st","9":"product_cat-olaszorszag-1st","10":"product_tag-1st-auction-hu","11":"product_tag-belyeg","12":"product_tag-marcofilatelia","13":"product_tag-tevnyomat","14":"pa_catalog_id-849","16":"first","17":"outofstock","18":"sold-individually","19":"shipping-taxable","20":"product-type-simple"},"_links":{"self":[{"href":"https:\/\/stampcurio.com\/hu\/wp-json\/wp\/v2\/product\/8193","targetHints":{"allow":["GET"]}}],"collection":[{"href":"https:\/\/stampcurio.com\/hu\/wp-json\/wp\/v2\/product"}],"about":[{"href":"https:\/\/stampcurio.com\/hu\/wp-json\/wp\/v2\/types\/product"}],"wp:featuredmedia":[{"embeddable":true,"href":"https:\/\/stampcurio.com\/hu\/wp-json\/wp\/v2\/media\/7906"}],"wp:attachment":[{"href":"https:\/\/stampcurio.com\/hu\/wp-json\/wp\/v2\/media?parent=8193"}],"wp:term":[{"taxonomy":"product_brand","embeddable":true,"href":"https:\/\/stampcurio.com\/hu\/wp-json\/wp\/v2\/product_brand?post=8193"},{"taxonomy":"product_cat","embeddable":true,"href":"https:\/\/stampcurio.com\/hu\/wp-json\/wp\/v2\/product_cat?post=8193"},{"taxonomy":"product_tag","embeddable":true,"href":"https:\/\/stampcurio.com\/hu\/wp-json\/wp\/v2\/product_tag?post=8193"}],"curies":[{"name":"wp","href":"https:\/\/api.w.org\/{rel}","templated":true}]}}