{"id":8188,"date":"2023-11-27T20:39:11","date_gmt":"2023-11-27T19:39:11","guid":{"rendered":"http:\/\/stampcurio.com\/?post_type=product&#038;p=8188"},"modified":"2025-12-05T04:10:19","modified_gmt":"2025-12-05T03:10:19","slug":"1850-ausztria-3kr-hp-karminrozsaszin-i-b-tipus-vekony-papirion-007mm-debreczen-belyegzes-attest-goller","status":"publish","type":"product","link":"https:\/\/stampcurio.com\/hu\/termek\/1850-ausztria-3kr-hp-karminrozsaszin-i-b-tipus-vekony-papirion-007mm-debreczen-belyegzes-attest-goller\/","title":{"rendered":"1850 Ausztria 3kr HP k\u00e1rminr\u00f3zsasz\u00edn I.b tipus , v\u00e9kony pap\u00edrion 0,07mm &#8211; DEBRECZEN b\u00e9lyegz\u00e9s &#8211; Attest Goller"},"content":{"rendered":"","protected":false},"excerpt":{"rendered":"","protected":false},"featured_media":12133,"template":"","meta":[],"product_brand":[],"product_cat":[60,73],"product_tag":[1044,116,1006],"class_list":{"0":"post-8188","1":"product","2":"type-product","3":"status-publish","4":"has-post-thumbnail","6":"product_cat-ausztria-1st","7":"product_cat-magyarorszag-1st","8":"product_tag-1st-auction-hu","9":"product_tag-belyeg","10":"product_tag-unsold","11":"pa_catalog_id-847","13":"first","14":"outofstock","15":"sold-individually","16":"shipping-taxable","17":"product-type-simple"},"_links":{"self":[{"href":"https:\/\/stampcurio.com\/hu\/wp-json\/wp\/v2\/product\/8188","targetHints":{"allow":["GET"]}}],"collection":[{"href":"https:\/\/stampcurio.com\/hu\/wp-json\/wp\/v2\/product"}],"about":[{"href":"https:\/\/stampcurio.com\/hu\/wp-json\/wp\/v2\/types\/product"}],"wp:featuredmedia":[{"embeddable":true,"href":"https:\/\/stampcurio.com\/hu\/wp-json\/wp\/v2\/media\/12133"}],"wp:attachment":[{"href":"https:\/\/stampcurio.com\/hu\/wp-json\/wp\/v2\/media?parent=8188"}],"wp:term":[{"taxonomy":"product_brand","embeddable":true,"href":"https:\/\/stampcurio.com\/hu\/wp-json\/wp\/v2\/product_brand?post=8188"},{"taxonomy":"product_cat","embeddable":true,"href":"https:\/\/stampcurio.com\/hu\/wp-json\/wp\/v2\/product_cat?post=8188"},{"taxonomy":"product_tag","embeddable":true,"href":"https:\/\/stampcurio.com\/hu\/wp-json\/wp\/v2\/product_tag?post=8188"}],"curies":[{"name":"wp","href":"https:\/\/api.w.org\/{rel}","templated":true}]}}