{"id":8177,"date":"2023-11-27T20:12:31","date_gmt":"2023-11-27T19:12:31","guid":{"rendered":"http:\/\/stampcurio.com\/?post_type=product&#038;p=8177"},"modified":"2025-12-05T04:10:21","modified_gmt":"2025-12-05T03:10:21","slug":"1850-ausztria-lombard-velence-15c-hp-ia-1-tipus-cinobervoros-vekony-papiron-007mm-fercbenhauer-45-eur-attest-goller","status":"publish","type":"product","link":"https:\/\/stampcurio.com\/hu\/termek\/1850-ausztria-lombard-velence-15c-hp-ia-1-tipus-cinobervoros-vekony-papiron-007mm-fercbenhauer-45-eur-attest-goller\/","title":{"rendered":"1850 Ausztria Lombard-Velence 15c HP Ia\/1 tipus, cin\u00f3berv\u00f6r\u00f6s v\u00e9kony pap\u00edron 0,07mm &#8211; Fercbenhauer 45 EUR &#8211; Attest Goller"},"content":{"rendered":"","protected":false},"excerpt":{"rendered":"","protected":false},"featured_media":7834,"template":"","meta":[],"product_brand":[],"product_cat":[60,86],"product_tag":[1044,116],"class_list":{"0":"post-8177","1":"product","2":"type-product","3":"status-publish","4":"has-post-thumbnail","6":"product_cat-ausztria-1st","7":"product_cat-olaszorszag-1st","8":"product_tag-1st-auction-hu","9":"product_tag-belyeg","10":"pa_catalog_id-843","12":"first","13":"outofstock","14":"sold-individually","15":"shipping-taxable","16":"product-type-simple"},"_links":{"self":[{"href":"https:\/\/stampcurio.com\/hu\/wp-json\/wp\/v2\/product\/8177","targetHints":{"allow":["GET"]}}],"collection":[{"href":"https:\/\/stampcurio.com\/hu\/wp-json\/wp\/v2\/product"}],"about":[{"href":"https:\/\/stampcurio.com\/hu\/wp-json\/wp\/v2\/types\/product"}],"wp:featuredmedia":[{"embeddable":true,"href":"https:\/\/stampcurio.com\/hu\/wp-json\/wp\/v2\/media\/7834"}],"wp:attachment":[{"href":"https:\/\/stampcurio.com\/hu\/wp-json\/wp\/v2\/media?parent=8177"}],"wp:term":[{"taxonomy":"product_brand","embeddable":true,"href":"https:\/\/stampcurio.com\/hu\/wp-json\/wp\/v2\/product_brand?post=8177"},{"taxonomy":"product_cat","embeddable":true,"href":"https:\/\/stampcurio.com\/hu\/wp-json\/wp\/v2\/product_cat?post=8177"},{"taxonomy":"product_tag","embeddable":true,"href":"https:\/\/stampcurio.com\/hu\/wp-json\/wp\/v2\/product_tag?post=8177"}],"curies":[{"name":"wp","href":"https:\/\/api.w.org\/{rel}","templated":true}]}}