{"id":8176,"date":"2023-11-27T20:08:46","date_gmt":"2023-11-27T19:08:46","guid":{"rendered":"http:\/\/stampcurio.com\/?post_type=product&#038;p=8176"},"modified":"2025-12-05T04:10:21","modified_gmt":"2025-12-05T03:10:21","slug":"1850-ausztria-lombard-velence-15c-hp-i-tipus-teglavoros-vekony-papiron-007mm-bassano-belyegzes-fercbenhauer-38-eur-attest-goller","status":"publish","type":"product","link":"https:\/\/stampcurio.com\/hu\/termek\/1850-ausztria-lombard-velence-15c-hp-i-tipus-teglavoros-vekony-papiron-007mm-bassano-belyegzes-fercbenhauer-38-eur-attest-goller\/","title":{"rendered":"1850 Ausztria Lombard-Velence 15c HP I. tipus, t\u00e9glav\u00f6r\u00f6s v\u00e9kony pap\u00edron 0,07mm &#8211; BASSANO b\u00e9lyegz\u00e9s &#8211; Fercbenhauer 38 EUR &#8211; Attest Goller"},"content":{"rendered":"","protected":false},"excerpt":{"rendered":"","protected":false},"featured_media":7822,"template":"","meta":[],"product_brand":[],"product_cat":[60,86],"product_tag":[1044,116,1008,67],"class_list":{"0":"post-8176","1":"product","2":"type-product","3":"status-publish","4":"has-post-thumbnail","6":"product_cat-ausztria-1st","7":"product_cat-olaszorszag-1st","8":"product_tag-1st-auction-hu","9":"product_tag-belyeg","10":"product_tag-ebay","11":"product_tag-marcofilatelia","12":"pa_catalog_id-842","14":"first","15":"outofstock","16":"sold-individually","17":"shipping-taxable","18":"product-type-simple"},"_links":{"self":[{"href":"https:\/\/stampcurio.com\/hu\/wp-json\/wp\/v2\/product\/8176","targetHints":{"allow":["GET"]}}],"collection":[{"href":"https:\/\/stampcurio.com\/hu\/wp-json\/wp\/v2\/product"}],"about":[{"href":"https:\/\/stampcurio.com\/hu\/wp-json\/wp\/v2\/types\/product"}],"wp:featuredmedia":[{"embeddable":true,"href":"https:\/\/stampcurio.com\/hu\/wp-json\/wp\/v2\/media\/7822"}],"wp:attachment":[{"href":"https:\/\/stampcurio.com\/hu\/wp-json\/wp\/v2\/media?parent=8176"}],"wp:term":[{"taxonomy":"product_brand","embeddable":true,"href":"https:\/\/stampcurio.com\/hu\/wp-json\/wp\/v2\/product_brand?post=8176"},{"taxonomy":"product_cat","embeddable":true,"href":"https:\/\/stampcurio.com\/hu\/wp-json\/wp\/v2\/product_cat?post=8176"},{"taxonomy":"product_tag","embeddable":true,"href":"https:\/\/stampcurio.com\/hu\/wp-json\/wp\/v2\/product_tag?post=8176"}],"curies":[{"name":"wp","href":"https:\/\/api.w.org\/{rel}","templated":true}]}}