{"id":8173,"date":"2023-11-27T19:59:27","date_gmt":"2023-11-27T18:59:27","guid":{"rendered":"http:\/\/stampcurio.com\/?post_type=product&#038;p=8173"},"modified":"2025-12-05T04:10:22","modified_gmt":"2025-12-05T03:10:22","slug":"1850-ausztria-1kr-gepi-papir-vilagos-aranysarga-i-b-tipus-elso-nyomat-ferchenbauer-400-eur-attest-goller","status":"publish","type":"product","link":"https:\/\/stampcurio.com\/hu\/termek\/1850-ausztria-1kr-gepi-papir-vilagos-aranysarga-i-b-tipus-elso-nyomat-ferchenbauer-400-eur-attest-goller\/","title":{"rendered":"1850 Ausztria 1kr g\u00e9pi pap\u00edr, vil\u00e1gos aranys\u00e1rga I.b tipus els\u0151 nyomat &#8211; Ferchenbauer 400 EUR &#8211; Attest Goller"},"content":{"rendered":"","protected":false},"excerpt":{"rendered":"","protected":false},"featured_media":7810,"template":"","meta":[],"product_brand":[],"product_cat":[60],"product_tag":[1044,116,1006],"class_list":{"0":"post-8173","1":"product","2":"type-product","3":"status-publish","4":"has-post-thumbnail","6":"product_cat-ausztria-1st","7":"product_tag-1st-auction-hu","8":"product_tag-belyeg","9":"product_tag-unsold","10":"pa_catalog_id-841","12":"first","13":"outofstock","14":"sold-individually","15":"shipping-taxable","16":"product-type-simple"},"_links":{"self":[{"href":"https:\/\/stampcurio.com\/hu\/wp-json\/wp\/v2\/product\/8173","targetHints":{"allow":["GET"]}}],"collection":[{"href":"https:\/\/stampcurio.com\/hu\/wp-json\/wp\/v2\/product"}],"about":[{"href":"https:\/\/stampcurio.com\/hu\/wp-json\/wp\/v2\/types\/product"}],"wp:featuredmedia":[{"embeddable":true,"href":"https:\/\/stampcurio.com\/hu\/wp-json\/wp\/v2\/media\/7810"}],"wp:attachment":[{"href":"https:\/\/stampcurio.com\/hu\/wp-json\/wp\/v2\/media?parent=8173"}],"wp:term":[{"taxonomy":"product_brand","embeddable":true,"href":"https:\/\/stampcurio.com\/hu\/wp-json\/wp\/v2\/product_brand?post=8173"},{"taxonomy":"product_cat","embeddable":true,"href":"https:\/\/stampcurio.com\/hu\/wp-json\/wp\/v2\/product_cat?post=8173"},{"taxonomy":"product_tag","embeddable":true,"href":"https:\/\/stampcurio.com\/hu\/wp-json\/wp\/v2\/product_tag?post=8173"}],"curies":[{"name":"wp","href":"https:\/\/api.w.org\/{rel}","templated":true}]}}