{"id":8159,"date":"2023-11-27T18:51:43","date_gmt":"2023-11-27T17:51:43","guid":{"rendered":"http:\/\/stampcurio.com\/?post_type=product&#038;p=8159"},"modified":"2025-12-05T04:10:24","modified_gmt":"2025-12-05T03:10:24","slug":"1850-ausztria-lombard-velence-15c-hp-iii-tipus-nagy-vizjellel-6-5mm-ivszellel-feltre-belyegzes-ferchenbauer-45-eur-attest-goller","status":"publish","type":"product","link":"https:\/\/stampcurio.com\/hu\/termek\/1850-ausztria-lombard-velence-15c-hp-iii-tipus-nagy-vizjellel-6-5mm-ivszellel-feltre-belyegzes-ferchenbauer-45-eur-attest-goller\/","title":{"rendered":"1850 Ausztria Lombard-Velence 15c HP III. tipus nagy v\u00edzjellel, 6.5mm \u00edvsz\u00e9llel &#8211; FELTRE b\u00e9lyegz\u00e9s \u2013 Ferchenbauer ~45 EUR \u2013 Attest Goller"},"content":{"rendered":"","protected":false},"excerpt":{"rendered":"<p>V\u00edzjel +25 EUR<br \/>\n\u00cdvsz\u00e9l 5mm: 17 EUR<\/p>\n","protected":false},"featured_media":7748,"template":"","meta":[],"product_brand":[],"product_cat":[60,86],"product_tag":[1044,116,1008,67],"class_list":{"0":"post-8159","1":"product","2":"type-product","3":"status-publish","4":"has-post-thumbnail","6":"product_cat-ausztria-1st","7":"product_cat-olaszorszag-1st","8":"product_tag-1st-auction-hu","9":"product_tag-belyeg","10":"product_tag-ebay","11":"product_tag-marcofilatelia","12":"pa_catalog_id-836","14":"first","15":"outofstock","16":"sold-individually","17":"shipping-taxable","18":"product-type-simple"},"_links":{"self":[{"href":"https:\/\/stampcurio.com\/hu\/wp-json\/wp\/v2\/product\/8159","targetHints":{"allow":["GET"]}}],"collection":[{"href":"https:\/\/stampcurio.com\/hu\/wp-json\/wp\/v2\/product"}],"about":[{"href":"https:\/\/stampcurio.com\/hu\/wp-json\/wp\/v2\/types\/product"}],"wp:featuredmedia":[{"embeddable":true,"href":"https:\/\/stampcurio.com\/hu\/wp-json\/wp\/v2\/media\/7748"}],"wp:attachment":[{"href":"https:\/\/stampcurio.com\/hu\/wp-json\/wp\/v2\/media?parent=8159"}],"wp:term":[{"taxonomy":"product_brand","embeddable":true,"href":"https:\/\/stampcurio.com\/hu\/wp-json\/wp\/v2\/product_brand?post=8159"},{"taxonomy":"product_cat","embeddable":true,"href":"https:\/\/stampcurio.com\/hu\/wp-json\/wp\/v2\/product_cat?post=8159"},{"taxonomy":"product_tag","embeddable":true,"href":"https:\/\/stampcurio.com\/hu\/wp-json\/wp\/v2\/product_tag?post=8159"}],"curies":[{"name":"wp","href":"https:\/\/api.w.org\/{rel}","templated":true}]}}