{"id":8154,"date":"2023-11-27T18:36:17","date_gmt":"2023-11-27T17:36:17","guid":{"rendered":"http:\/\/stampcurio.com\/?post_type=product&#038;p=8154"},"modified":"2025-12-05T04:10:24","modified_gmt":"2025-12-05T03:10:24","slug":"1850-ausztria-lombard-velence-15c-hp-rozsaszin-ia-1-tipusu-par-vekony-papiron-0-07mm-feltre-belyegzes-ferchenbauer-145-eur-attest-goller","status":"publish","type":"product","link":"https:\/\/stampcurio.com\/hu\/termek\/1850-ausztria-lombard-velence-15c-hp-rozsaszin-ia-1-tipusu-par-vekony-papiron-0-07mm-feltre-belyegzes-ferchenbauer-145-eur-attest-goller\/","title":{"rendered":"1850 Ausztria Lombard-Velence 15c HP r\u00f3zsasz\u00edn Ia\/1 tipus\u00fa p\u00e1r v\u00e9kony pap\u00edron 0.07mm &#8211; FELTRE b\u00e9lyegz\u00e9s &#8211; Ferchenbauer 145 EUR &#8211; Attest Goller"},"content":{"rendered":"","protected":false},"excerpt":{"rendered":"<p>HP I. p\u00e1r: 125 EUR<br \/>\nV\u00e9kony pap\u00edr + 20 EUR<\/p>\n","protected":false},"featured_media":7724,"template":"","meta":[],"product_brand":[],"product_cat":[60,86],"product_tag":[1044,116,67],"class_list":{"0":"post-8154","1":"product","2":"type-product","3":"status-publish","4":"has-post-thumbnail","6":"product_cat-ausztria-1st","7":"product_cat-olaszorszag-1st","8":"product_tag-1st-auction-hu","9":"product_tag-belyeg","10":"product_tag-marcofilatelia","11":"pa_catalog_id-833","13":"first","14":"outofstock","15":"sold-individually","16":"shipping-taxable","17":"product-type-simple"},"_links":{"self":[{"href":"https:\/\/stampcurio.com\/hu\/wp-json\/wp\/v2\/product\/8154","targetHints":{"allow":["GET"]}}],"collection":[{"href":"https:\/\/stampcurio.com\/hu\/wp-json\/wp\/v2\/product"}],"about":[{"href":"https:\/\/stampcurio.com\/hu\/wp-json\/wp\/v2\/types\/product"}],"wp:featuredmedia":[{"embeddable":true,"href":"https:\/\/stampcurio.com\/hu\/wp-json\/wp\/v2\/media\/7724"}],"wp:attachment":[{"href":"https:\/\/stampcurio.com\/hu\/wp-json\/wp\/v2\/media?parent=8154"}],"wp:term":[{"taxonomy":"product_brand","embeddable":true,"href":"https:\/\/stampcurio.com\/hu\/wp-json\/wp\/v2\/product_brand?post=8154"},{"taxonomy":"product_cat","embeddable":true,"href":"https:\/\/stampcurio.com\/hu\/wp-json\/wp\/v2\/product_cat?post=8154"},{"taxonomy":"product_tag","embeddable":true,"href":"https:\/\/stampcurio.com\/hu\/wp-json\/wp\/v2\/product_tag?post=8154"}],"curies":[{"name":"wp","href":"https:\/\/api.w.org\/{rel}","templated":true}]}}