{"id":8150,"date":"2023-11-27T18:30:03","date_gmt":"2023-11-27T17:30:03","guid":{"rendered":"http:\/\/stampcurio.com\/?post_type=product&#038;p=8150"},"modified":"2025-12-05T04:10:25","modified_gmt":"2025-12-05T03:10:25","slug":"1850-ausztria-3kr-i-a-2-tipus-bordazott-papiron-sotet-cinobervoros-medvisch-belyegzes-ferhenbauer-360-eur-attest-goller","status":"publish","type":"product","link":"https:\/\/stampcurio.com\/hu\/termek\/1850-ausztria-3kr-i-a-2-tipus-bordazott-papiron-sotet-cinobervoros-medvisch-belyegzes-ferhenbauer-360-eur-attest-goller\/","title":{"rendered":"1850 Ausztria 3kr I.a\/2 (!) tipus bord\u00e1zott pap\u00edron s\u00f6t\u00e9t cin\u00f3berv\u00f6r\u00f6s  &#8211; MEDVISCH b\u00e9lyegz\u00e9s &#8211; Ferhenbauer 360 EUR &#8211; Attest Goller"},"content":{"rendered":"","protected":false},"excerpt":{"rendered":"<p>Bord\u00e1zott pap\u00edrral az Ia\/2 tipus sokkal ritk\u00e1bb mint az Ia\/3, Ferchenbauer +100% fel\u00e1r.<\/p>\n","protected":false},"featured_media":12081,"template":"","meta":[],"product_brand":[],"product_cat":[60,73,105],"product_tag":[1044,116,1008,67,217],"class_list":{"0":"post-8150","1":"product","2":"type-product","3":"status-publish","4":"has-post-thumbnail","6":"product_cat-ausztria-1st","7":"product_cat-magyarorszag-1st","8":"product_cat-romania-1st","9":"product_tag-1st-auction-hu","10":"product_tag-belyeg","11":"product_tag-ebay","12":"product_tag-marcofilatelia","13":"product_tag-tevnyomat","14":"pa_catalog_id-832","16":"first","17":"outofstock","18":"sold-individually","19":"shipping-taxable","20":"product-type-simple"},"_links":{"self":[{"href":"https:\/\/stampcurio.com\/hu\/wp-json\/wp\/v2\/product\/8150","targetHints":{"allow":["GET"]}}],"collection":[{"href":"https:\/\/stampcurio.com\/hu\/wp-json\/wp\/v2\/product"}],"about":[{"href":"https:\/\/stampcurio.com\/hu\/wp-json\/wp\/v2\/types\/product"}],"wp:featuredmedia":[{"embeddable":true,"href":"https:\/\/stampcurio.com\/hu\/wp-json\/wp\/v2\/media\/12081"}],"wp:attachment":[{"href":"https:\/\/stampcurio.com\/hu\/wp-json\/wp\/v2\/media?parent=8150"}],"wp:term":[{"taxonomy":"product_brand","embeddable":true,"href":"https:\/\/stampcurio.com\/hu\/wp-json\/wp\/v2\/product_brand?post=8150"},{"taxonomy":"product_cat","embeddable":true,"href":"https:\/\/stampcurio.com\/hu\/wp-json\/wp\/v2\/product_cat?post=8150"},{"taxonomy":"product_tag","embeddable":true,"href":"https:\/\/stampcurio.com\/hu\/wp-json\/wp\/v2\/product_tag?post=8150"}],"curies":[{"name":"wp","href":"https:\/\/api.w.org\/{rel}","templated":true}]}}