{"id":8143,"date":"2023-11-27T18:13:02","date_gmt":"2023-11-27T17:13:02","guid":{"rendered":"http:\/\/stampcurio.com\/?post_type=product&#038;p=8143"},"modified":"2025-12-05T04:10:25","modified_gmt":"2025-12-05T03:10:25","slug":"1850-ausztria-lombard-velence-15c-i-tipus-teglavoros-lemezhiba-az-s-betuben-este-belyegzes-attest-goller","status":"publish","type":"product","link":"https:\/\/stampcurio.com\/hu\/termek\/1850-ausztria-lombard-velence-15c-i-tipus-teglavoros-lemezhiba-az-s-betuben-este-belyegzes-attest-goller\/","title":{"rendered":"1850 Ausztria &#8211;  Lombard\u2013Velence 15c I. tipus t\u00e9glav\u00f6r\u00f6s &#8211; lemezhiba az S bet\u0171ben &#8211; ESTE b\u00e9lyegz\u00e9s &#8211; Attest Goller"},"content":{"rendered":"","protected":false},"excerpt":{"rendered":"","protected":false},"featured_media":7688,"template":"","meta":[],"product_brand":[],"product_cat":[60,86],"product_tag":[1044,116,67,217],"class_list":{"0":"post-8143","1":"product","2":"type-product","3":"status-publish","4":"has-post-thumbnail","6":"product_cat-ausztria-1st","7":"product_cat-olaszorszag-1st","8":"product_tag-1st-auction-hu","9":"product_tag-belyeg","10":"product_tag-marcofilatelia","11":"product_tag-tevnyomat","12":"pa_catalog_id-830","14":"first","15":"outofstock","16":"sold-individually","17":"shipping-taxable","18":"product-type-simple"},"_links":{"self":[{"href":"https:\/\/stampcurio.com\/hu\/wp-json\/wp\/v2\/product\/8143","targetHints":{"allow":["GET"]}}],"collection":[{"href":"https:\/\/stampcurio.com\/hu\/wp-json\/wp\/v2\/product"}],"about":[{"href":"https:\/\/stampcurio.com\/hu\/wp-json\/wp\/v2\/types\/product"}],"wp:featuredmedia":[{"embeddable":true,"href":"https:\/\/stampcurio.com\/hu\/wp-json\/wp\/v2\/media\/7688"}],"wp:attachment":[{"href":"https:\/\/stampcurio.com\/hu\/wp-json\/wp\/v2\/media?parent=8143"}],"wp:term":[{"taxonomy":"product_brand","embeddable":true,"href":"https:\/\/stampcurio.com\/hu\/wp-json\/wp\/v2\/product_brand?post=8143"},{"taxonomy":"product_cat","embeddable":true,"href":"https:\/\/stampcurio.com\/hu\/wp-json\/wp\/v2\/product_cat?post=8143"},{"taxonomy":"product_tag","embeddable":true,"href":"https:\/\/stampcurio.com\/hu\/wp-json\/wp\/v2\/product_tag?post=8143"}],"curies":[{"name":"wp","href":"https:\/\/api.w.org\/{rel}","templated":true}]}}