{"id":8142,"date":"2023-11-27T18:06:14","date_gmt":"2023-11-27T17:06:14","guid":{"rendered":"http:\/\/stampcurio.com\/?post_type=product&#038;p=8142"},"modified":"2025-12-05T04:10:26","modified_gmt":"2025-12-05T03:10:26","slug":"1850-ausztria-lombard-velence-15c-i-2-tipus-sotet-cinobervoros-milano-belyegzes-ferchenbauer-40-eur-attest-goller","status":"publish","type":"product","link":"https:\/\/stampcurio.com\/hu\/termek\/1850-ausztria-lombard-velence-15c-i-2-tipus-sotet-cinobervoros-milano-belyegzes-ferchenbauer-40-eur-attest-goller\/","title":{"rendered":"1850 Ausztria &#8211;  Lombard\u2013Velence 15c I\/2 tipus s\u00f6t\u00e9t cin\u00f3berv\u00f6r\u00f6s  MILANO b\u00e9lyegz\u00e9s &#8211; Ferchenbauer 40 EUR &#8211; Attest Goller"},"content":{"rendered":"","protected":false},"excerpt":{"rendered":"","protected":false},"featured_media":7676,"template":"","meta":[],"product_brand":[],"product_cat":[60,86],"product_tag":[1044,116],"class_list":{"0":"post-8142","1":"product","2":"type-product","3":"status-publish","4":"has-post-thumbnail","6":"product_cat-ausztria-1st","7":"product_cat-olaszorszag-1st","8":"product_tag-1st-auction-hu","9":"product_tag-belyeg","10":"pa_catalog_id-829","12":"first","13":"outofstock","14":"sold-individually","15":"shipping-taxable","16":"product-type-simple"},"_links":{"self":[{"href":"https:\/\/stampcurio.com\/hu\/wp-json\/wp\/v2\/product\/8142","targetHints":{"allow":["GET"]}}],"collection":[{"href":"https:\/\/stampcurio.com\/hu\/wp-json\/wp\/v2\/product"}],"about":[{"href":"https:\/\/stampcurio.com\/hu\/wp-json\/wp\/v2\/types\/product"}],"wp:featuredmedia":[{"embeddable":true,"href":"https:\/\/stampcurio.com\/hu\/wp-json\/wp\/v2\/media\/7676"}],"wp:attachment":[{"href":"https:\/\/stampcurio.com\/hu\/wp-json\/wp\/v2\/media?parent=8142"}],"wp:term":[{"taxonomy":"product_brand","embeddable":true,"href":"https:\/\/stampcurio.com\/hu\/wp-json\/wp\/v2\/product_brand?post=8142"},{"taxonomy":"product_cat","embeddable":true,"href":"https:\/\/stampcurio.com\/hu\/wp-json\/wp\/v2\/product_cat?post=8142"},{"taxonomy":"product_tag","embeddable":true,"href":"https:\/\/stampcurio.com\/hu\/wp-json\/wp\/v2\/product_tag?post=8142"}],"curies":[{"name":"wp","href":"https:\/\/api.w.org\/{rel}","templated":true}]}}