{"id":8130,"date":"2023-11-27T17:28:47","date_gmt":"2023-11-27T16:28:47","guid":{"rendered":"http:\/\/stampcurio.com\/?post_type=product&#038;p=8130"},"modified":"2025-12-05T04:10:27","modified_gmt":"2025-12-05T03:10:27","slug":"1850-ausztria-3kr-par-lemezhibakkal-maros-vasarhely-belyegzes-ferchenbauer-96115-120-eur-attest-goller","status":"publish","type":"product","link":"https:\/\/stampcurio.com\/hu\/termek\/1850-ausztria-3kr-par-lemezhibakkal-maros-vasarhely-belyegzes-ferchenbauer-96115-120-eur-attest-goller\/","title":{"rendered":"1850 Ausztria 3kr p\u00e1r lemezhib\u00e1kkal &#8211; MAROS-V\u00c1S\u00c1RHELY b\u00e9lyegz\u00e9s &#8211; Ferchenbauer 96,115 \/ 120 EUR\u00a0&#8211; Attest Goller"},"content":{"rendered":"","protected":false},"excerpt":{"rendered":"<p>a bal oldali b\u00e9lyegen Ferchenbauer 115 \/ 80 EUR<br \/>\na jobb oldali b\u00e9lyegen Ferchenbauer 96 \/ +40 EUR<\/p>\n","protected":false},"featured_media":7640,"template":"","meta":[],"product_brand":[],"product_cat":[60,73,105],"product_tag":[1044,116,67,217],"class_list":{"0":"post-8130","1":"product","2":"type-product","3":"status-publish","4":"has-post-thumbnail","6":"product_cat-ausztria-1st","7":"product_cat-magyarorszag-1st","8":"product_cat-romania-1st","9":"product_tag-1st-auction-hu","10":"product_tag-belyeg","11":"product_tag-marcofilatelia","12":"product_tag-tevnyomat","13":"pa_catalog_id-826","15":"first","16":"outofstock","17":"sold-individually","18":"shipping-taxable","19":"product-type-simple"},"_links":{"self":[{"href":"https:\/\/stampcurio.com\/hu\/wp-json\/wp\/v2\/product\/8130","targetHints":{"allow":["GET"]}}],"collection":[{"href":"https:\/\/stampcurio.com\/hu\/wp-json\/wp\/v2\/product"}],"about":[{"href":"https:\/\/stampcurio.com\/hu\/wp-json\/wp\/v2\/types\/product"}],"wp:featuredmedia":[{"embeddable":true,"href":"https:\/\/stampcurio.com\/hu\/wp-json\/wp\/v2\/media\/7640"}],"wp:attachment":[{"href":"https:\/\/stampcurio.com\/hu\/wp-json\/wp\/v2\/media?parent=8130"}],"wp:term":[{"taxonomy":"product_brand","embeddable":true,"href":"https:\/\/stampcurio.com\/hu\/wp-json\/wp\/v2\/product_brand?post=8130"},{"taxonomy":"product_cat","embeddable":true,"href":"https:\/\/stampcurio.com\/hu\/wp-json\/wp\/v2\/product_cat?post=8130"},{"taxonomy":"product_tag","embeddable":true,"href":"https:\/\/stampcurio.com\/hu\/wp-json\/wp\/v2\/product_tag?post=8130"}],"curies":[{"name":"wp","href":"https:\/\/api.w.org\/{rel}","templated":true}]}}