{"id":8128,"date":"2023-11-27T17:21:24","date_gmt":"2023-11-27T16:21:24","guid":{"rendered":"http:\/\/stampcurio.com\/?post_type=product&#038;p=8128"},"modified":"2025-12-05T04:10:27","modified_gmt":"2025-12-05T03:10:27","slug":"1850-ausztria-9kr-harom-ii-c-tipusu-par-vekony-papiron-007mm-egy-11mm-ivszellel-vizjellel-kronstadt-belyegzes-ferchenbauer-500-eur-attest-goller","status":"publish","type":"product","link":"https:\/\/stampcurio.com\/hu\/termek\/1850-ausztria-9kr-harom-ii-c-tipusu-par-vekony-papiron-007mm-egy-11mm-ivszellel-vizjellel-kronstadt-belyegzes-ferchenbauer-500-eur-attest-goller\/","title":{"rendered":"1850 Ausztria &#8211; 9kr h\u00e1rom II.c tipus\u00fa p\u00e1r v\u00e9kony pap\u00edron (0,07mm) egy 11mm \u00edvsz\u00e9llel, v\u00edzjellel &#8211; KRONSTADT b\u00e9lyegz\u00e9s &#8211; Ferchenbauer ~500 EUR &#8211; Attest Goller"},"content":{"rendered":"","protected":false},"excerpt":{"rendered":"<p>Ferchenbauer \u00e1r sz\u00e1m\u00edt\u00e1sa a k\u00f6vetkez\u0151k\u00f6n alapul:<\/p>\n<p>p\u00e1r: 125 EUR \/ p\u00e1ronk\u00e9nt<br \/>\nv\u00e9kony pap\u00edr +18 EUR \/ b\u00e9lyegenk\u00e9nt<br \/>\n\u00edvsz\u00e9l 1,0mm: +135 EUR<\/p>\n<p>&nbsp;<\/p>\n<p>&nbsp;<\/p>\n","protected":false},"featured_media":12084,"template":"","meta":[],"product_brand":[],"product_cat":[60,73,105],"product_tag":[1044,116],"class_list":{"0":"post-8128","1":"product","2":"type-product","3":"status-publish","4":"has-post-thumbnail","6":"product_cat-ausztria-1st","7":"product_cat-magyarorszag-1st","8":"product_cat-romania-1st","9":"product_tag-1st-auction-hu","10":"product_tag-belyeg","11":"pa_catalog_id-825","13":"first","14":"outofstock","15":"sold-individually","16":"shipping-taxable","17":"product-type-simple"},"_links":{"self":[{"href":"https:\/\/stampcurio.com\/hu\/wp-json\/wp\/v2\/product\/8128","targetHints":{"allow":["GET"]}}],"collection":[{"href":"https:\/\/stampcurio.com\/hu\/wp-json\/wp\/v2\/product"}],"about":[{"href":"https:\/\/stampcurio.com\/hu\/wp-json\/wp\/v2\/types\/product"}],"wp:featuredmedia":[{"embeddable":true,"href":"https:\/\/stampcurio.com\/hu\/wp-json\/wp\/v2\/media\/12084"}],"wp:attachment":[{"href":"https:\/\/stampcurio.com\/hu\/wp-json\/wp\/v2\/media?parent=8128"}],"wp:term":[{"taxonomy":"product_brand","embeddable":true,"href":"https:\/\/stampcurio.com\/hu\/wp-json\/wp\/v2\/product_brand?post=8128"},{"taxonomy":"product_cat","embeddable":true,"href":"https:\/\/stampcurio.com\/hu\/wp-json\/wp\/v2\/product_cat?post=8128"},{"taxonomy":"product_tag","embeddable":true,"href":"https:\/\/stampcurio.com\/hu\/wp-json\/wp\/v2\/product_tag?post=8128"}],"curies":[{"name":"wp","href":"https:\/\/api.w.org\/{rel}","templated":true}]}}