{"id":8121,"date":"2023-11-27T16:58:58","date_gmt":"2023-11-27T15:58:58","guid":{"rendered":"http:\/\/stampcurio.com\/?post_type=product&#038;p=8121"},"modified":"2025-12-05T04:10:28","modified_gmt":"2025-12-05T03:10:28","slug":"1850-ausztria-9kr-i-tipus-vilagoskek-hasznalatlan-kis-lemezhiba-magistris-p285-ferchenbauer-650-eur-attest-goller","status":"publish","type":"product","link":"https:\/\/stampcurio.com\/hu\/termek\/1850-ausztria-9kr-i-tipus-vilagoskek-hasznalatlan-kis-lemezhiba-magistris-p285-ferchenbauer-650-eur-attest-goller\/","title":{"rendered":"1850 Ausztria 9kr I. tipus vil\u00e1gosk\u00e9k haszn\u00e1latlan (*) &#8211; kis lemezhiba &#8211; Magistris P285 &#8211; Ferchenbauer 650 EUR &#8211; Attest Goller"},"content":{"rendered":"","protected":false},"excerpt":{"rendered":"","protected":false},"featured_media":12034,"template":"","meta":[],"product_brand":[],"product_cat":[60],"product_tag":[1044,116,176,217],"class_list":{"0":"post-8121","1":"product","2":"type-product","3":"status-publish","4":"has-post-thumbnail","6":"product_cat-ausztria-1st","7":"product_tag-1st-auction-hu","8":"product_tag-belyeg","9":"product_tag-philagem","10":"product_tag-tevnyomat","11":"pa_catalog_id-822","13":"first","14":"outofstock","15":"sold-individually","16":"shipping-taxable","17":"product-type-simple"},"_links":{"self":[{"href":"https:\/\/stampcurio.com\/hu\/wp-json\/wp\/v2\/product\/8121","targetHints":{"allow":["GET"]}}],"collection":[{"href":"https:\/\/stampcurio.com\/hu\/wp-json\/wp\/v2\/product"}],"about":[{"href":"https:\/\/stampcurio.com\/hu\/wp-json\/wp\/v2\/types\/product"}],"wp:featuredmedia":[{"embeddable":true,"href":"https:\/\/stampcurio.com\/hu\/wp-json\/wp\/v2\/media\/12034"}],"wp:attachment":[{"href":"https:\/\/stampcurio.com\/hu\/wp-json\/wp\/v2\/media?parent=8121"}],"wp:term":[{"taxonomy":"product_brand","embeddable":true,"href":"https:\/\/stampcurio.com\/hu\/wp-json\/wp\/v2\/product_brand?post=8121"},{"taxonomy":"product_cat","embeddable":true,"href":"https:\/\/stampcurio.com\/hu\/wp-json\/wp\/v2\/product_cat?post=8121"},{"taxonomy":"product_tag","embeddable":true,"href":"https:\/\/stampcurio.com\/hu\/wp-json\/wp\/v2\/product_tag?post=8121"}],"curies":[{"name":"wp","href":"https:\/\/api.w.org\/{rel}","templated":true}]}}