{"id":8118,"date":"2023-11-27T16:54:34","date_gmt":"2023-11-27T15:54:34","guid":{"rendered":"http:\/\/stampcurio.com\/?post_type=product&#038;p=8118"},"modified":"2025-12-05T04:10:29","modified_gmt":"2025-12-05T03:10:29","slug":"1850-ausztria-9kr-i-tipus-magistris-p45-abstand-08mm-rand-plattenfehler-temesvar-belyegzes-ferchenbauer-180-eur-attest-goller","status":"publish","type":"product","link":"https:\/\/stampcurio.com\/hu\/termek\/1850-ausztria-9kr-i-tipus-magistris-p45-abstand-08mm-rand-plattenfehler-temesvar-belyegzes-ferchenbauer-180-eur-attest-goller\/","title":{"rendered":"1850 Ausztria 9kr I. tipus &#8211; Magistris P45 &#8211; Abstand 0,8mm + Rand + Plattenfehler + TEMESV\u00c1R b\u00e9lyegz\u00e9s &#8211; Ferchenbauer 180 EUR &#8211; Attest Goller"},"content":{"rendered":"","protected":false},"excerpt":{"rendered":"","protected":false},"featured_media":7568,"template":"","meta":[],"product_brand":[],"product_cat":[60,73,105],"product_tag":[1044,116,217],"class_list":{"0":"post-8118","1":"product","2":"type-product","3":"status-publish","4":"has-post-thumbnail","6":"product_cat-ausztria-1st","7":"product_cat-magyarorszag-1st","8":"product_cat-romania-1st","9":"product_tag-1st-auction-hu","10":"product_tag-belyeg","11":"product_tag-tevnyomat","12":"pa_catalog_id-821","14":"first","15":"outofstock","16":"sold-individually","17":"shipping-taxable","18":"product-type-simple"},"_links":{"self":[{"href":"https:\/\/stampcurio.com\/hu\/wp-json\/wp\/v2\/product\/8118","targetHints":{"allow":["GET"]}}],"collection":[{"href":"https:\/\/stampcurio.com\/hu\/wp-json\/wp\/v2\/product"}],"about":[{"href":"https:\/\/stampcurio.com\/hu\/wp-json\/wp\/v2\/types\/product"}],"wp:featuredmedia":[{"embeddable":true,"href":"https:\/\/stampcurio.com\/hu\/wp-json\/wp\/v2\/media\/7568"}],"wp:attachment":[{"href":"https:\/\/stampcurio.com\/hu\/wp-json\/wp\/v2\/media?parent=8118"}],"wp:term":[{"taxonomy":"product_brand","embeddable":true,"href":"https:\/\/stampcurio.com\/hu\/wp-json\/wp\/v2\/product_brand?post=8118"},{"taxonomy":"product_cat","embeddable":true,"href":"https:\/\/stampcurio.com\/hu\/wp-json\/wp\/v2\/product_cat?post=8118"},{"taxonomy":"product_tag","embeddable":true,"href":"https:\/\/stampcurio.com\/hu\/wp-json\/wp\/v2\/product_tag?post=8118"}],"curies":[{"name":"wp","href":"https:\/\/api.w.org\/{rel}","templated":true}]}}