{"id":8115,"date":"2023-11-27T16:44:14","date_gmt":"2023-11-27T15:44:14","guid":{"rendered":"http:\/\/stampcurio.com\/?post_type=product&#038;p=8115"},"modified":"2025-12-05T04:10:29","modified_gmt":"2025-12-05T03:10:29","slug":"1858-ausztria-sotetlila-dunkelila-hirlapbelyeg-cimszallagon-aradszentmarton-ferchenbauer-1-100-eur-attest-goller","status":"publish","type":"product","link":"https:\/\/stampcurio.com\/hu\/termek\/1858-ausztria-sotetlila-dunkelila-hirlapbelyeg-cimszallagon-aradszentmarton-ferchenbauer-1-100-eur-attest-goller\/","title":{"rendered":"1858 Ausztria &#8211; s\u00f6t\u00e9tlila (dunkelila) h\u00edrlapb\u00e9lyeg c\u00edmszallagon &#8211; Aradszentm\u00e1rton &#8211; Ferchenbauer 1.100 EUR &#8211; Attest Goller"},"content":{"rendered":"","protected":false},"excerpt":{"rendered":"<p>Jelent\u00e9ktelen szakad\u00e1s a c\u00edmszallagon.<\/p>\n","protected":false},"featured_media":7556,"template":"","meta":[],"product_brand":[],"product_cat":[60,73,105],"product_tag":[1044,116,259,1008,89],"class_list":{"0":"post-8115","1":"product","2":"type-product","3":"status-publish","4":"has-post-thumbnail","6":"product_cat-ausztria-1st","7":"product_cat-magyarorszag-1st","8":"product_cat-romania-1st","9":"product_tag-1st-auction-hu","10":"product_tag-belyeg","11":"product_tag-cimszalag","12":"product_tag-ebay","13":"product_tag-postatortenet","14":"pa_catalog_id-820","16":"first","17":"outofstock","18":"sold-individually","19":"shipping-taxable","20":"product-type-simple"},"_links":{"self":[{"href":"https:\/\/stampcurio.com\/hu\/wp-json\/wp\/v2\/product\/8115","targetHints":{"allow":["GET"]}}],"collection":[{"href":"https:\/\/stampcurio.com\/hu\/wp-json\/wp\/v2\/product"}],"about":[{"href":"https:\/\/stampcurio.com\/hu\/wp-json\/wp\/v2\/types\/product"}],"wp:featuredmedia":[{"embeddable":true,"href":"https:\/\/stampcurio.com\/hu\/wp-json\/wp\/v2\/media\/7556"}],"wp:attachment":[{"href":"https:\/\/stampcurio.com\/hu\/wp-json\/wp\/v2\/media?parent=8115"}],"wp:term":[{"taxonomy":"product_brand","embeddable":true,"href":"https:\/\/stampcurio.com\/hu\/wp-json\/wp\/v2\/product_brand?post=8115"},{"taxonomy":"product_cat","embeddable":true,"href":"https:\/\/stampcurio.com\/hu\/wp-json\/wp\/v2\/product_cat?post=8115"},{"taxonomy":"product_tag","embeddable":true,"href":"https:\/\/stampcurio.com\/hu\/wp-json\/wp\/v2\/product_tag?post=8115"}],"curies":[{"name":"wp","href":"https:\/\/api.w.org\/{rel}","templated":true}]}}