{"id":8110,"date":"2023-11-27T16:27:54","date_gmt":"2023-11-27T15:27:54","guid":{"rendered":"http:\/\/stampcurio.com\/?post_type=product&#038;p=8110"},"modified":"2025-12-05T04:10:30","modified_gmt":"2025-12-05T03:10:30","slug":"1850-ausztria-2kr-kezipapir-i-a-tipus-szurke-lemezhiba-a-bal-felso-saroknal-ferchenbauer-570-eur-attest-goller","status":"publish","type":"product","link":"https:\/\/stampcurio.com\/hu\/termek\/1850-ausztria-2kr-kezipapir-i-a-tipus-szurke-lemezhiba-a-bal-felso-saroknal-ferchenbauer-570-eur-attest-goller\/","title":{"rendered":"1850 Ausztria 2kr k\u00e9zipap\u00edr I.a tipus sz\u00fcrke &#8211; lemezhiba a bal fels\u0151 sarokn\u00e1l &#8211; Ferchenbauer 570 EUR &#8211; Attest Goller"},"content":{"rendered":"","protected":false},"excerpt":{"rendered":"","protected":false},"featured_media":12036,"template":"","meta":[],"product_brand":[],"product_cat":[60],"product_tag":[1044,116,217],"class_list":{"0":"post-8110","1":"product","2":"type-product","3":"status-publish","4":"has-post-thumbnail","6":"product_cat-ausztria-1st","7":"product_tag-1st-auction-hu","8":"product_tag-belyeg","9":"product_tag-tevnyomat","10":"pa_catalog_id-818","12":"first","13":"outofstock","14":"sold-individually","15":"shipping-taxable","16":"product-type-simple"},"_links":{"self":[{"href":"https:\/\/stampcurio.com\/hu\/wp-json\/wp\/v2\/product\/8110","targetHints":{"allow":["GET"]}}],"collection":[{"href":"https:\/\/stampcurio.com\/hu\/wp-json\/wp\/v2\/product"}],"about":[{"href":"https:\/\/stampcurio.com\/hu\/wp-json\/wp\/v2\/types\/product"}],"wp:featuredmedia":[{"embeddable":true,"href":"https:\/\/stampcurio.com\/hu\/wp-json\/wp\/v2\/media\/12036"}],"wp:attachment":[{"href":"https:\/\/stampcurio.com\/hu\/wp-json\/wp\/v2\/media?parent=8110"}],"wp:term":[{"taxonomy":"product_brand","embeddable":true,"href":"https:\/\/stampcurio.com\/hu\/wp-json\/wp\/v2\/product_brand?post=8110"},{"taxonomy":"product_cat","embeddable":true,"href":"https:\/\/stampcurio.com\/hu\/wp-json\/wp\/v2\/product_cat?post=8110"},{"taxonomy":"product_tag","embeddable":true,"href":"https:\/\/stampcurio.com\/hu\/wp-json\/wp\/v2\/product_tag?post=8110"}],"curies":[{"name":"wp","href":"https:\/\/api.w.org\/{rel}","templated":true}]}}