{"id":8103,"date":"2023-11-27T16:07:36","date_gmt":"2023-11-27T15:07:36","guid":{"rendered":"http:\/\/stampcurio.com\/?post_type=product&#038;p=8103"},"modified":"2025-12-05T04:10:31","modified_gmt":"2025-12-05T03:10:31","slug":"1867-ausztria-durvanyomat-3kr-szep-gepszinatnyomattal-ferchenbauer-100-eur","status":"publish","type":"product","link":"https:\/\/stampcurio.com\/hu\/termek\/1867-ausztria-durvanyomat-3kr-szep-gepszinatnyomattal-ferchenbauer-100-eur\/","title":{"rendered":"1867 Ausztria durvanyomat 3kr sz\u00e9p g\u00e9psz\u00edn\u00e1tnyomattal Ferchenbauer 100 EUR"},"content":{"rendered":"","protected":false},"excerpt":{"rendered":"","protected":false},"featured_media":12045,"template":"","meta":[],"product_brand":[],"product_cat":[60],"product_tag":[1044,116,217],"class_list":{"0":"post-8103","1":"product","2":"type-product","3":"status-publish","4":"has-post-thumbnail","6":"product_cat-ausztria-1st","7":"product_tag-1st-auction-hu","8":"product_tag-belyeg","9":"product_tag-tevnyomat","10":"pa_catalog_id-815","12":"first","13":"outofstock","14":"sold-individually","15":"shipping-taxable","16":"product-type-simple"},"_links":{"self":[{"href":"https:\/\/stampcurio.com\/hu\/wp-json\/wp\/v2\/product\/8103","targetHints":{"allow":["GET"]}}],"collection":[{"href":"https:\/\/stampcurio.com\/hu\/wp-json\/wp\/v2\/product"}],"about":[{"href":"https:\/\/stampcurio.com\/hu\/wp-json\/wp\/v2\/types\/product"}],"wp:featuredmedia":[{"embeddable":true,"href":"https:\/\/stampcurio.com\/hu\/wp-json\/wp\/v2\/media\/12045"}],"wp:attachment":[{"href":"https:\/\/stampcurio.com\/hu\/wp-json\/wp\/v2\/media?parent=8103"}],"wp:term":[{"taxonomy":"product_brand","embeddable":true,"href":"https:\/\/stampcurio.com\/hu\/wp-json\/wp\/v2\/product_brand?post=8103"},{"taxonomy":"product_cat","embeddable":true,"href":"https:\/\/stampcurio.com\/hu\/wp-json\/wp\/v2\/product_cat?post=8103"},{"taxonomy":"product_tag","embeddable":true,"href":"https:\/\/stampcurio.com\/hu\/wp-json\/wp\/v2\/product_tag?post=8103"}],"curies":[{"name":"wp","href":"https:\/\/api.w.org\/{rel}","templated":true}]}}