{"id":8099,"date":"2023-11-27T15:51:23","date_gmt":"2023-11-27T14:51:23","guid":{"rendered":"http:\/\/stampcurio.com\/?post_type=product&#038;p=8099"},"modified":"2025-12-05T04:10:31","modified_gmt":"2025-12-05T03:10:31","slug":"1913-ausztria-svajcba-kuldott-3-sulyu-ketszer-portozott-boritek-svajcban-1-frank-ausztriaban-1-korona-magas-diju-portoval","status":"publish","type":"product","link":"https:\/\/stampcurio.com\/hu\/termek\/1913-ausztria-svajcba-kuldott-3-sulyu-ketszer-portozott-boritek-svajcban-1-frank-ausztriaban-1-korona-magas-diju-portoval\/","title":{"rendered":"1913 Ausztria &#8211; Sv\u00e1jcba k\u00fcld\u00f6tt 3. s\u00faly\u00fa k\u00e9tszer port\u00f3zott bor\u00edt\u00e9k Sv\u00e1jcban 1 frank &#8211; Ausztri\u00e1ban 1 Korona magas d\u00edj\u00fa port\u00f3val"},"content":{"rendered":"","protected":false},"excerpt":{"rendered":"<p>Ausztri\u00e1b\u00f3l Sv\u00e1jcba k\u00fcld\u00f6tt bor\u00edt\u00e9k 5 h d\u00edjlerov\u00e1ssal 50h hi\u00e1nnyal, a lapot Sv\u00e1jcban megport\u00f3zt\u00e1k 2*50c port\u00f3val, majd Ismeretlen c\u00edmk\u00e9vel a port\u00f3z\u00e1s annul\u00e1l\u00e1sa mellett visszak\u00fcldt\u00e9k. A visszak\u00fcld\u00f6tt lapot a felad\u00f3nak 100h port\u00f3beszed\u00e9s ut\u00e1n k\u00e9zbes\u00edtett\u00e9k.<\/p>\n<p>Lev\u00e9ld\u00edj 25h + 15h tov\u00e1bbi 20 grammonk\u00e9nt, \u00edgy a helyes lev\u00e9ld\u00edj 55h volt.<\/p>\n","protected":false},"featured_media":8100,"template":"","meta":[],"product_brand":[],"product_cat":[60,107],"product_tag":[1044,116,176,108,89],"class_list":{"0":"post-8099","1":"product","2":"type-product","3":"status-publish","4":"has-post-thumbnail","6":"product_cat-ausztria-1st","7":"product_cat-svajc-1st","8":"product_tag-1st-auction-hu","9":"product_tag-belyeg","10":"product_tag-philagem","11":"product_tag-porto","12":"product_tag-postatortenet","13":"pa_catalog_id-814","15":"first","16":"outofstock","17":"sold-individually","18":"shipping-taxable","19":"product-type-simple"},"_links":{"self":[{"href":"https:\/\/stampcurio.com\/hu\/wp-json\/wp\/v2\/product\/8099","targetHints":{"allow":["GET"]}}],"collection":[{"href":"https:\/\/stampcurio.com\/hu\/wp-json\/wp\/v2\/product"}],"about":[{"href":"https:\/\/stampcurio.com\/hu\/wp-json\/wp\/v2\/types\/product"}],"wp:featuredmedia":[{"embeddable":true,"href":"https:\/\/stampcurio.com\/hu\/wp-json\/wp\/v2\/media\/8100"}],"wp:attachment":[{"href":"https:\/\/stampcurio.com\/hu\/wp-json\/wp\/v2\/media?parent=8099"}],"wp:term":[{"taxonomy":"product_brand","embeddable":true,"href":"https:\/\/stampcurio.com\/hu\/wp-json\/wp\/v2\/product_brand?post=8099"},{"taxonomy":"product_cat","embeddable":true,"href":"https:\/\/stampcurio.com\/hu\/wp-json\/wp\/v2\/product_cat?post=8099"},{"taxonomy":"product_tag","embeddable":true,"href":"https:\/\/stampcurio.com\/hu\/wp-json\/wp\/v2\/product_tag?post=8099"}],"curies":[{"name":"wp","href":"https:\/\/api.w.org\/{rel}","templated":true}]}}