{"id":8096,"date":"2023-11-27T15:39:32","date_gmt":"2023-11-27T14:39:32","guid":{"rendered":"http:\/\/stampcurio.com\/?post_type=product&#038;p=8096"},"modified":"2025-12-05T04:10:32","modified_gmt":"2025-12-05T03:10:32","slug":"1915-iranban-megirt-dijjegyes-lap-kuldonccel-ausztriaba-kuldve-elso-vilaghaboru-perzsa-hadjarat-idoszaka","status":"publish","type":"product","link":"https:\/\/stampcurio.com\/hu\/termek\/1915-iranban-megirt-dijjegyes-lap-kuldonccel-ausztriaba-kuldve-elso-vilaghaboru-perzsa-hadjarat-idoszaka\/","title":{"rendered":"1915 Ir\u00e1nban meg\u00edrt d\u00edjjegyes lap k\u00fcld\u00f6nccel Ausztri\u00e1ba k\u00fcldve &#8211; Els\u0151 vil\u00e1gh\u00e1bor\u00fa \/ Perzsa hadj\u00e1rat id\u0151szaka"},"content":{"rendered":"","protected":false},"excerpt":{"rendered":"<p>A Teher\u00e1nban meg\u00edrt k\u00fcld\u00f6ncel Ausztri\u00e1ba k\u00fcld\u00f6tt lapot v\u00e9g\u00fcl t\u00e1vols\u00e1gi levelez\u00e9si lapk\u00e9nt, 5h d\u00edjlervov\u00e1ssal k\u00e9zbes\u00edtett\u00e9k B\u00e9csi felad\u00e1ssal.<\/p>\n","protected":false},"featured_media":7472,"template":"","meta":[],"product_brand":[],"product_cat":[60,812],"product_tag":[1044,74,89],"class_list":{"0":"post-8096","1":"product","2":"type-product","3":"status-publish","4":"has-post-thumbnail","6":"product_cat-ausztria-1st","7":"product_cat-iran-1st","8":"product_tag-1st-auction-hu","9":"product_tag-dijjegyes","10":"product_tag-postatortenet","11":"pa_catalog_id-811","13":"first","14":"outofstock","15":"sold-individually","16":"shipping-taxable","17":"product-type-simple"},"_links":{"self":[{"href":"https:\/\/stampcurio.com\/hu\/wp-json\/wp\/v2\/product\/8096","targetHints":{"allow":["GET"]}}],"collection":[{"href":"https:\/\/stampcurio.com\/hu\/wp-json\/wp\/v2\/product"}],"about":[{"href":"https:\/\/stampcurio.com\/hu\/wp-json\/wp\/v2\/types\/product"}],"wp:featuredmedia":[{"embeddable":true,"href":"https:\/\/stampcurio.com\/hu\/wp-json\/wp\/v2\/media\/7472"}],"wp:attachment":[{"href":"https:\/\/stampcurio.com\/hu\/wp-json\/wp\/v2\/media?parent=8096"}],"wp:term":[{"taxonomy":"product_brand","embeddable":true,"href":"https:\/\/stampcurio.com\/hu\/wp-json\/wp\/v2\/product_brand?post=8096"},{"taxonomy":"product_cat","embeddable":true,"href":"https:\/\/stampcurio.com\/hu\/wp-json\/wp\/v2\/product_cat?post=8096"},{"taxonomy":"product_tag","embeddable":true,"href":"https:\/\/stampcurio.com\/hu\/wp-json\/wp\/v2\/product_tag?post=8096"}],"curies":[{"name":"wp","href":"https:\/\/api.w.org\/{rel}","templated":true}]}}