{"id":8092,"date":"2023-11-27T15:21:03","date_gmt":"2023-11-27T14:21:03","guid":{"rendered":"http:\/\/stampcurio.com\/?post_type=product&#038;p=8092"},"modified":"2025-12-05T04:10:32","modified_gmt":"2025-12-05T03:10:32","slug":"1869-ddsg-szallitolevel-honved-kek-hajobelyegzovel-5kr-illetekbelyeg-a-kozepresz-reszleges-alkettosnyomataval","status":"publish","type":"product","link":"https:\/\/stampcurio.com\/hu\/termek\/1869-ddsg-szallitolevel-honved-kek-hajobelyegzovel-5kr-illetekbelyeg-a-kozepresz-reszleges-alkettosnyomataval\/","title":{"rendered":"1869 DDSG sz\u00e1ll\u00edt\u00f3lev\u00e9l HONV\u00c9D k\u00e9k haj\u00f3b\u00e9lyegz\u0151vel + 5kr illet\u00e9kb\u00e9lyeg a k\u00f6z\u00e9pr\u00e9sz r\u00e9szleges \u00e1lkett\u0151snyomat\u00e1val"},"content":{"rendered":"","protected":false},"excerpt":{"rendered":"","protected":false},"featured_media":7447,"template":"","meta":[],"product_brand":[],"product_cat":[60,73,105],"product_tag":[1044,323,282,157,217],"class_list":{"0":"post-8092","1":"product","2":"type-product","3":"status-publish","4":"has-post-thumbnail","6":"product_cat-ausztria-1st","7":"product_cat-magyarorszag-1st","8":"product_cat-romania-1st","9":"product_tag-1st-auction-hu","10":"product_tag-ddsg","11":"product_tag-okmanybelyeg","12":"product_tag-szallitolevel","13":"product_tag-tevnyomat","14":"pa_catalog_id-809","16":"first","17":"outofstock","18":"sold-individually","19":"shipping-taxable","20":"product-type-simple"},"_links":{"self":[{"href":"https:\/\/stampcurio.com\/hu\/wp-json\/wp\/v2\/product\/8092","targetHints":{"allow":["GET"]}}],"collection":[{"href":"https:\/\/stampcurio.com\/hu\/wp-json\/wp\/v2\/product"}],"about":[{"href":"https:\/\/stampcurio.com\/hu\/wp-json\/wp\/v2\/types\/product"}],"wp:featuredmedia":[{"embeddable":true,"href":"https:\/\/stampcurio.com\/hu\/wp-json\/wp\/v2\/media\/7447"}],"wp:attachment":[{"href":"https:\/\/stampcurio.com\/hu\/wp-json\/wp\/v2\/media?parent=8092"}],"wp:term":[{"taxonomy":"product_brand","embeddable":true,"href":"https:\/\/stampcurio.com\/hu\/wp-json\/wp\/v2\/product_brand?post=8092"},{"taxonomy":"product_cat","embeddable":true,"href":"https:\/\/stampcurio.com\/hu\/wp-json\/wp\/v2\/product_cat?post=8092"},{"taxonomy":"product_tag","embeddable":true,"href":"https:\/\/stampcurio.com\/hu\/wp-json\/wp\/v2\/product_tag?post=8092"}],"curies":[{"name":"wp","href":"https:\/\/api.w.org\/{rel}","templated":true}]}}