{"id":8089,"date":"2023-11-27T15:16:58","date_gmt":"2023-11-27T14:16:58","guid":{"rendered":"http:\/\/stampcurio.com\/?post_type=product&#038;p=8089"},"modified":"2025-12-05T04:10:33","modified_gmt":"2025-12-05T03:10:33","slug":"1938-bulgariaba-kuldott-10-sulyfokozatu-ajanlott-legiposta-boritek","status":"publish","type":"product","link":"https:\/\/stampcurio.com\/hu\/termek\/1938-bulgariaba-kuldott-10-sulyfokozatu-ajanlott-legiposta-boritek\/","title":{"rendered":"1938 Bulg\u00e1ri\u00e1ba k\u00fcld\u00f6tt 10. s\u00falyfokozat\u00fa aj\u00e1nlott l\u00e9giposta bor\u00edt\u00e9k"},"content":{"rendered":"","protected":false},"excerpt":{"rendered":"","protected":false},"featured_media":7428,"template":"","meta":[],"product_brand":[],"product_cat":[807,73],"product_tag":[1044,116,115,176,89],"class_list":{"0":"post-8089","1":"product","2":"type-product","3":"status-publish","4":"has-post-thumbnail","6":"product_cat-bulgaria-1st","7":"product_cat-magyarorszag-1st","8":"product_tag-1st-auction-hu","9":"product_tag-belyeg","10":"product_tag-legiposta","11":"product_tag-philagem","12":"product_tag-postatortenet","13":"pa_catalog_id-806","15":"first","16":"outofstock","17":"sold-individually","18":"shipping-taxable","19":"product-type-simple"},"_links":{"self":[{"href":"https:\/\/stampcurio.com\/hu\/wp-json\/wp\/v2\/product\/8089","targetHints":{"allow":["GET"]}}],"collection":[{"href":"https:\/\/stampcurio.com\/hu\/wp-json\/wp\/v2\/product"}],"about":[{"href":"https:\/\/stampcurio.com\/hu\/wp-json\/wp\/v2\/types\/product"}],"wp:featuredmedia":[{"embeddable":true,"href":"https:\/\/stampcurio.com\/hu\/wp-json\/wp\/v2\/media\/7428"}],"wp:attachment":[{"href":"https:\/\/stampcurio.com\/hu\/wp-json\/wp\/v2\/media?parent=8089"}],"wp:term":[{"taxonomy":"product_brand","embeddable":true,"href":"https:\/\/stampcurio.com\/hu\/wp-json\/wp\/v2\/product_brand?post=8089"},{"taxonomy":"product_cat","embeddable":true,"href":"https:\/\/stampcurio.com\/hu\/wp-json\/wp\/v2\/product_cat?post=8089"},{"taxonomy":"product_tag","embeddable":true,"href":"https:\/\/stampcurio.com\/hu\/wp-json\/wp\/v2\/product_tag?post=8089"}],"curies":[{"name":"wp","href":"https:\/\/api.w.org\/{rel}","templated":true}]}}