{"id":8084,"date":"2023-11-27T15:05:24","date_gmt":"2023-11-27T14:05:24","guid":{"rendered":"http:\/\/stampcurio.com\/?post_type=product&#038;p=8084"},"modified":"2025-12-05T04:10:34","modified_gmt":"2025-12-05T03:10:34","slug":"1933-ajanlott-zeppelin-dijjegyes-levelezesi-lap-romfahrt-repules-keszy-harmath-12-000-pont","status":"publish","type":"product","link":"https:\/\/stampcurio.com\/hu\/termek\/1933-ajanlott-zeppelin-dijjegyes-levelezesi-lap-romfahrt-repules-keszy-harmath-12-000-pont\/","title":{"rendered":"1933 aj\u00e1nlott Zeppelin d\u00edjjegyes levelez\u00e9si lap ROMFAHRT rep\u00fcl\u00e9s &#8211; Keszy-Harmath 12.000 pont"},"content":{"rendered":"","protected":false},"excerpt":{"rendered":"","protected":false},"featured_media":12047,"template":"","meta":[],"product_brand":[],"product_cat":[73,113,86],"product_tag":[1044,116,74,115,67,89,150],"class_list":{"0":"post-8084","1":"product","2":"type-product","3":"status-publish","4":"has-post-thumbnail","6":"product_cat-magyarorszag-1st","7":"product_cat-nemetorszag-1st","8":"product_cat-olaszorszag-1st","9":"product_tag-1st-auction-hu","10":"product_tag-belyeg","11":"product_tag-dijjegyes","12":"product_tag-legiposta","13":"product_tag-marcofilatelia","14":"product_tag-postatortenet","15":"product_tag-zeppelin","16":"pa_catalog_id-804","18":"first","19":"outofstock","20":"sold-individually","21":"shipping-taxable","22":"product-type-simple"},"_links":{"self":[{"href":"https:\/\/stampcurio.com\/hu\/wp-json\/wp\/v2\/product\/8084","targetHints":{"allow":["GET"]}}],"collection":[{"href":"https:\/\/stampcurio.com\/hu\/wp-json\/wp\/v2\/product"}],"about":[{"href":"https:\/\/stampcurio.com\/hu\/wp-json\/wp\/v2\/types\/product"}],"wp:featuredmedia":[{"embeddable":true,"href":"https:\/\/stampcurio.com\/hu\/wp-json\/wp\/v2\/media\/12047"}],"wp:attachment":[{"href":"https:\/\/stampcurio.com\/hu\/wp-json\/wp\/v2\/media?parent=8084"}],"wp:term":[{"taxonomy":"product_brand","embeddable":true,"href":"https:\/\/stampcurio.com\/hu\/wp-json\/wp\/v2\/product_brand?post=8084"},{"taxonomy":"product_cat","embeddable":true,"href":"https:\/\/stampcurio.com\/hu\/wp-json\/wp\/v2\/product_cat?post=8084"},{"taxonomy":"product_tag","embeddable":true,"href":"https:\/\/stampcurio.com\/hu\/wp-json\/wp\/v2\/product_tag?post=8084"}],"curies":[{"name":"wp","href":"https:\/\/api.w.org\/{rel}","templated":true}]}}