{"id":8082,"date":"2023-11-27T14:56:58","date_gmt":"2023-11-27T13:56:58","guid":{"rendered":"http:\/\/stampcurio.com\/?post_type=product&#038;p=8082"},"modified":"2025-12-05T04:10:34","modified_gmt":"2025-12-05T03:10:34","slug":"1934-tarifahelyes-ajanlott-legiposta-boritek-lehe-blokkal-bermentesitve-hollandiaba-kuldve-levelzaroval","status":"publish","type":"product","link":"https:\/\/stampcurio.com\/hu\/termek\/1934-tarifahelyes-ajanlott-legiposta-boritek-lehe-blokkal-bermentesitve-hollandiaba-kuldve-levelzaroval\/","title":{"rendered":"1934 tarifahelyes aj\u00e1nlott l\u00e9giposta bor\u00edt\u00e9k LEHE blokkal b\u00e9rmentes\u00edtve Hollandi\u00e1ba k\u00fcldve lev\u00e9lz\u00e1r\u00f3val"},"content":{"rendered":"","protected":false},"excerpt":{"rendered":"<p>Lehe blokkal k\u00fclf\u00f6ldre k\u00fcld\u00f6tt k\u00fcldem\u00e9nyek ritk\u00e1k.<\/p>\n<p>II. z\u00f3n\u00e1s aj\u00e1nlott l\u00e9giposta bor\u00edt\u00e9k:<br \/>\nAj\u00e1nl\u00e1s 50f<br \/>\nLev\u00e9ld\u00edj 40f<br \/>\nL\u00e9giposta p\u00f3td\u00edj 32f<\/p>\n","protected":false},"featured_media":12051,"template":"","meta":[],"product_brand":[],"product_cat":[156,73],"product_tag":[1044,116,115,194,67,89],"class_list":{"0":"post-8082","1":"product","2":"type-product","3":"status-publish","4":"has-post-thumbnail","6":"product_cat-hollandia-1st","7":"product_cat-magyarorszag-1st","8":"product_tag-1st-auction-hu","9":"product_tag-belyeg","10":"product_tag-legiposta","11":"product_tag-levelzaro","12":"product_tag-marcofilatelia","13":"product_tag-postatortenet","14":"pa_catalog_id-803","16":"first","17":"outofstock","18":"sold-individually","19":"shipping-taxable","20":"product-type-simple"},"_links":{"self":[{"href":"https:\/\/stampcurio.com\/hu\/wp-json\/wp\/v2\/product\/8082","targetHints":{"allow":["GET"]}}],"collection":[{"href":"https:\/\/stampcurio.com\/hu\/wp-json\/wp\/v2\/product"}],"about":[{"href":"https:\/\/stampcurio.com\/hu\/wp-json\/wp\/v2\/types\/product"}],"wp:featuredmedia":[{"embeddable":true,"href":"https:\/\/stampcurio.com\/hu\/wp-json\/wp\/v2\/media\/12051"}],"wp:attachment":[{"href":"https:\/\/stampcurio.com\/hu\/wp-json\/wp\/v2\/media?parent=8082"}],"wp:term":[{"taxonomy":"product_brand","embeddable":true,"href":"https:\/\/stampcurio.com\/hu\/wp-json\/wp\/v2\/product_brand?post=8082"},{"taxonomy":"product_cat","embeddable":true,"href":"https:\/\/stampcurio.com\/hu\/wp-json\/wp\/v2\/product_cat?post=8082"},{"taxonomy":"product_tag","embeddable":true,"href":"https:\/\/stampcurio.com\/hu\/wp-json\/wp\/v2\/product_tag?post=8082"}],"curies":[{"name":"wp","href":"https:\/\/api.w.org\/{rel}","templated":true}]}}