{"id":7785,"date":"2023-11-27T14:35:15","date_gmt":"2023-11-27T13:35:15","guid":{"rendered":"http:\/\/stampcurio.com\/?post_type=product&#038;p=7785"},"modified":"2025-12-05T04:10:34","modified_gmt":"2025-12-05T03:10:34","slug":"ketszer-hasznalt-boritek-1946-november-es-1947-marcius-piros-vissza-forgalom-szunetel-belyegzo","status":"publish","type":"product","link":"https:\/\/stampcurio.com\/hu\/termek\/ketszer-hasznalt-boritek-1946-november-es-1947-marcius-piros-vissza-forgalom-szunetel-belyegzo\/","title":{"rendered":"K\u00e9tszer haszn\u00e1lt bor\u00edt\u00e9k &#8211; 1946. november \u00e9s 1947. m\u00e1rcius + piros &#8220;Vissza! Forgalom sz\u00fcnetel&#8221; b\u00e9lyegz\u0151"},"content":{"rendered":"","protected":false},"excerpt":{"rendered":"<p>K\u00e9tszer haszn\u00e1lt bor\u00edt\u00e9k:<\/p>\n<p>1. 1946. november: hivatalos \u00fcgyben Gy\u0151rb\u0151l Mosonszentj\u00e1nosra<\/p>\n<p>2. 1947. m\u00e1rcius: Mosonszentj\u00e1noson USA-ba feladott bor\u00edt\u00e9k visszak\u00fcldve, piros &#8220;Vissza! Forgalom sz\u00fcnetel&#8221; b\u00e9lyegz\u0151vel, \u00e9s megintcsak vissza\u00e9rkezett Mosonszentj\u00e1nosra.<\/p>\n","protected":false},"featured_media":8079,"template":"","meta":[],"product_brand":[],"product_cat":[73],"product_tag":[1044,1008,67,89],"class_list":{"0":"post-7785","1":"product","2":"type-product","3":"status-publish","4":"has-post-thumbnail","6":"product_cat-magyarorszag-1st","7":"product_tag-1st-auction-hu","8":"product_tag-ebay","9":"product_tag-marcofilatelia","10":"product_tag-postatortenet","11":"pa_catalog_id-802","13":"first","14":"outofstock","15":"sold-individually","16":"shipping-taxable","17":"product-type-simple"},"_links":{"self":[{"href":"https:\/\/stampcurio.com\/hu\/wp-json\/wp\/v2\/product\/7785","targetHints":{"allow":["GET"]}}],"collection":[{"href":"https:\/\/stampcurio.com\/hu\/wp-json\/wp\/v2\/product"}],"about":[{"href":"https:\/\/stampcurio.com\/hu\/wp-json\/wp\/v2\/types\/product"}],"wp:featuredmedia":[{"embeddable":true,"href":"https:\/\/stampcurio.com\/hu\/wp-json\/wp\/v2\/media\/8079"}],"wp:attachment":[{"href":"https:\/\/stampcurio.com\/hu\/wp-json\/wp\/v2\/media?parent=7785"}],"wp:term":[{"taxonomy":"product_brand","embeddable":true,"href":"https:\/\/stampcurio.com\/hu\/wp-json\/wp\/v2\/product_brand?post=7785"},{"taxonomy":"product_cat","embeddable":true,"href":"https:\/\/stampcurio.com\/hu\/wp-json\/wp\/v2\/product_cat?post=7785"},{"taxonomy":"product_tag","embeddable":true,"href":"https:\/\/stampcurio.com\/hu\/wp-json\/wp\/v2\/product_tag?post=7785"}],"curies":[{"name":"wp","href":"https:\/\/api.w.org\/{rel}","templated":true}]}}