{"id":7453,"date":"2023-11-27T14:28:36","date_gmt":"2023-11-27T13:28:36","guid":{"rendered":"http:\/\/stampcurio.com\/?post_type=product&#038;p=7453"},"modified":"2025-12-05T04:10:35","modified_gmt":"2025-12-05T03:10:35","slug":"1986-1991-kastelyok-postatiszta-belyegek-shil-papiron-12115-fogazattal-az-5ft-ertek-12751225-fogazasu-phu-15-700-ft","status":"publish","type":"product","link":"https:\/\/stampcurio.com\/hu\/termek\/1986-1991-kastelyok-postatiszta-belyegek-shil-papiron-12115-fogazattal-az-5ft-ertek-12751225-fogazasu-phu-15-700-ft\/","title":{"rendered":"1986 &#8211; 1991 Kast\u00e9lyok postatiszta ** b\u00e9lyegek SHIL pap\u00edron 12:11,5 fogazattal &#8211; az 5ft \u00e9rt\u00e9k 12,75:12,25 fogaz\u00e1s\u00fa PHu: 15.700 Ft"},"content":{"rendered":"","protected":false},"excerpt":{"rendered":"","protected":false},"featured_media":12055,"template":"","meta":[],"product_brand":[],"product_cat":[73],"product_tag":[1044,116,1008],"class_list":{"0":"post-7453","1":"product","2":"type-product","3":"status-publish","4":"has-post-thumbnail","6":"product_cat-magyarorszag-1st","7":"product_tag-1st-auction-hu","8":"product_tag-belyeg","9":"product_tag-ebay","10":"pa_catalog_id-801","12":"first","13":"outofstock","14":"sold-individually","15":"shipping-taxable","16":"product-type-simple"},"_links":{"self":[{"href":"https:\/\/stampcurio.com\/hu\/wp-json\/wp\/v2\/product\/7453","targetHints":{"allow":["GET"]}}],"collection":[{"href":"https:\/\/stampcurio.com\/hu\/wp-json\/wp\/v2\/product"}],"about":[{"href":"https:\/\/stampcurio.com\/hu\/wp-json\/wp\/v2\/types\/product"}],"wp:featuredmedia":[{"embeddable":true,"href":"https:\/\/stampcurio.com\/hu\/wp-json\/wp\/v2\/media\/12055"}],"wp:attachment":[{"href":"https:\/\/stampcurio.com\/hu\/wp-json\/wp\/v2\/media?parent=7453"}],"wp:term":[{"taxonomy":"product_brand","embeddable":true,"href":"https:\/\/stampcurio.com\/hu\/wp-json\/wp\/v2\/product_brand?post=7453"},{"taxonomy":"product_cat","embeddable":true,"href":"https:\/\/stampcurio.com\/hu\/wp-json\/wp\/v2\/product_cat?post=7453"},{"taxonomy":"product_tag","embeddable":true,"href":"https:\/\/stampcurio.com\/hu\/wp-json\/wp\/v2\/product_tag?post=7453"}],"curies":[{"name":"wp","href":"https:\/\/api.w.org\/{rel}","templated":true}]}}