{"id":7347,"date":"2023-11-23T13:04:03","date_gmt":"2023-11-23T12:04:03","guid":{"rendered":"http:\/\/stampcurio.com\/?post_type=product&#038;p=7347"},"modified":"2025-12-05T04:10:36","modified_gmt":"2025-12-05T03:10:36","slug":"1918-shs-felulnyomas-iv-karoly-20f-postatiszta-teljes-iven-az-ivszelen-felhold-jelzes-phu-20-000-ft","status":"publish","type":"product","link":"https:\/\/stampcurio.com\/hu\/termek\/1918-shs-felulnyomas-iv-karoly-20f-postatiszta-teljes-iven-az-ivszelen-felhold-jelzes-phu-20-000-ft\/","title":{"rendered":"1918 SHS fel\u00fclnyom\u00e1s IV. K\u00e1roly 20f postatiszta ** teljes \u00edven, az \u00edvsz\u00e9len f\u00e9lhold jelz\u00e9s PHu 20.000+ Ft"},"content":{"rendered":"","protected":false},"excerpt":{"rendered":"","protected":false},"featured_media":7352,"template":"","meta":[],"product_brand":[],"product_cat":[78,73,135],"product_tag":[1044,116],"class_list":{"0":"post-7347","1":"product","2":"type-product","3":"status-publish","4":"has-post-thumbnail","6":"product_cat-horvatorszag-1st","7":"product_cat-magyarorszag-1st","8":"product_cat-szerbia-1st","9":"product_tag-1st-auction-hu","10":"product_tag-belyeg","11":"pa_catalog_id-799","13":"first","14":"outofstock","15":"sold-individually","16":"shipping-taxable","17":"product-type-simple"},"_links":{"self":[{"href":"https:\/\/stampcurio.com\/hu\/wp-json\/wp\/v2\/product\/7347","targetHints":{"allow":["GET"]}}],"collection":[{"href":"https:\/\/stampcurio.com\/hu\/wp-json\/wp\/v2\/product"}],"about":[{"href":"https:\/\/stampcurio.com\/hu\/wp-json\/wp\/v2\/types\/product"}],"wp:featuredmedia":[{"embeddable":true,"href":"https:\/\/stampcurio.com\/hu\/wp-json\/wp\/v2\/media\/7352"}],"wp:attachment":[{"href":"https:\/\/stampcurio.com\/hu\/wp-json\/wp\/v2\/media?parent=7347"}],"wp:term":[{"taxonomy":"product_brand","embeddable":true,"href":"https:\/\/stampcurio.com\/hu\/wp-json\/wp\/v2\/product_brand?post=7347"},{"taxonomy":"product_cat","embeddable":true,"href":"https:\/\/stampcurio.com\/hu\/wp-json\/wp\/v2\/product_cat?post=7347"},{"taxonomy":"product_tag","embeddable":true,"href":"https:\/\/stampcurio.com\/hu\/wp-json\/wp\/v2\/product_tag?post=7347"}],"curies":[{"name":"wp","href":"https:\/\/api.w.org\/{rel}","templated":true}]}}