{"id":7328,"date":"2023-11-23T13:21:37","date_gmt":"2023-11-23T12:21:37","guid":{"rendered":"http:\/\/stampcurio.com\/?post_type=product&#038;p=7328"},"modified":"2025-12-05T04:10:36","modified_gmt":"2025-12-05T03:10:36","slug":"1913-turul-a-35-50-tevnyomat-teljes-ivben-az-ivszelen-nyolcszog-jelzessel-phu-200-000-ft","status":"publish","type":"product","link":"https:\/\/stampcurio.com\/hu\/termek\/1913-turul-a-35-50-tevnyomat-teljes-ivben-az-ivszelen-nyolcszog-jelzessel-phu-200-000-ft\/","title":{"rendered":"1913 Turul  a 35 \/ 50 t\u00e9vnyomat teljes \u00edvben, az \u00edvsz\u00e9len nyolcsz\u00f6g jelz\u00e9ssel PHu 200.000 Ft"},"content":{"rendered":"","protected":false},"excerpt":{"rendered":"<p>Az als\u0151 \u00edvsz\u00e9l hi\u00e1nyos, elv\u00e1lt fogak.<\/p>\n","protected":false},"featured_media":7366,"template":"","meta":[],"product_brand":[],"product_cat":[73],"product_tag":[1044,116,176,217],"class_list":{"0":"post-7328","1":"product","2":"type-product","3":"status-publish","4":"has-post-thumbnail","6":"product_cat-magyarorszag-1st","7":"product_tag-1st-auction-hu","8":"product_tag-belyeg","9":"product_tag-philagem","10":"product_tag-tevnyomat","11":"pa_catalog_id-800","13":"first","14":"outofstock","15":"sold-individually","16":"shipping-taxable","17":"product-type-simple"},"_links":{"self":[{"href":"https:\/\/stampcurio.com\/hu\/wp-json\/wp\/v2\/product\/7328","targetHints":{"allow":["GET"]}}],"collection":[{"href":"https:\/\/stampcurio.com\/hu\/wp-json\/wp\/v2\/product"}],"about":[{"href":"https:\/\/stampcurio.com\/hu\/wp-json\/wp\/v2\/types\/product"}],"wp:featuredmedia":[{"embeddable":true,"href":"https:\/\/stampcurio.com\/hu\/wp-json\/wp\/v2\/media\/7366"}],"wp:attachment":[{"href":"https:\/\/stampcurio.com\/hu\/wp-json\/wp\/v2\/media?parent=7328"}],"wp:term":[{"taxonomy":"product_brand","embeddable":true,"href":"https:\/\/stampcurio.com\/hu\/wp-json\/wp\/v2\/product_brand?post=7328"},{"taxonomy":"product_cat","embeddable":true,"href":"https:\/\/stampcurio.com\/hu\/wp-json\/wp\/v2\/product_cat?post=7328"},{"taxonomy":"product_tag","embeddable":true,"href":"https:\/\/stampcurio.com\/hu\/wp-json\/wp\/v2\/product_tag?post=7328"}],"curies":[{"name":"wp","href":"https:\/\/api.w.org\/{rel}","templated":true}]}}