{"id":7313,"date":"2023-11-23T12:42:44","date_gmt":"2023-11-23T11:42:44","guid":{"rendered":"http:\/\/stampcurio.com\/?post_type=product&#038;p=7313"},"modified":"2025-12-05T04:10:36","modified_gmt":"2025-12-05T03:10:36","slug":"1946-szoveges-belyeg-helyi-level-postatiszta-latvanyosan-elcsuszott-felulnyomattal-bevi-vizsgalojellel","status":"publish","type":"product","link":"https:\/\/stampcurio.com\/hu\/termek\/1946-szoveges-belyeg-helyi-level-postatiszta-latvanyosan-elcsuszott-felulnyomattal-bevi-vizsgalojellel\/","title":{"rendered":"1946. SZ\u00d6VEGES b\u00e9lyeg &#8220;Helyi lev\u00e9l&#8221; postatiszta ** l\u00e1tv\u00e1nyosan elcs\u00faszott fel\u00fclnyomattal B\u00c9VI vizsg\u00e1l\u00f3jellel"},"content":{"rendered":"","protected":false},"excerpt":{"rendered":"","protected":false},"featured_media":12031,"template":"","meta":[],"product_brand":[],"product_cat":[73],"product_tag":[1044,116,1008,217],"class_list":{"0":"post-7313","1":"product","2":"type-product","3":"status-publish","4":"has-post-thumbnail","6":"product_cat-magyarorszag-1st","7":"product_tag-1st-auction-hu","8":"product_tag-belyeg","9":"product_tag-ebay","10":"product_tag-tevnyomat","11":"pa_catalog_id-798","13":"first","14":"instock","15":"sold-individually","16":"shipping-taxable","17":"product-type-simple"},"_links":{"self":[{"href":"https:\/\/stampcurio.com\/hu\/wp-json\/wp\/v2\/product\/7313","targetHints":{"allow":["GET"]}}],"collection":[{"href":"https:\/\/stampcurio.com\/hu\/wp-json\/wp\/v2\/product"}],"about":[{"href":"https:\/\/stampcurio.com\/hu\/wp-json\/wp\/v2\/types\/product"}],"wp:featuredmedia":[{"embeddable":true,"href":"https:\/\/stampcurio.com\/hu\/wp-json\/wp\/v2\/media\/12031"}],"wp:attachment":[{"href":"https:\/\/stampcurio.com\/hu\/wp-json\/wp\/v2\/media?parent=7313"}],"wp:term":[{"taxonomy":"product_brand","embeddable":true,"href":"https:\/\/stampcurio.com\/hu\/wp-json\/wp\/v2\/product_brand?post=7313"},{"taxonomy":"product_cat","embeddable":true,"href":"https:\/\/stampcurio.com\/hu\/wp-json\/wp\/v2\/product_cat?post=7313"},{"taxonomy":"product_tag","embeddable":true,"href":"https:\/\/stampcurio.com\/hu\/wp-json\/wp\/v2\/product_tag?post=7313"}],"curies":[{"name":"wp","href":"https:\/\/api.w.org\/{rel}","templated":true}]}}