{"id":7303,"date":"2023-11-23T12:39:11","date_gmt":"2023-11-23T11:39:11","guid":{"rendered":"http:\/\/stampcurio.com\/?post_type=product&#038;p=7303"},"modified":"2025-12-05T04:10:37","modified_gmt":"2025-12-05T03:10:37","slug":"1946-szoveges-belyeg-tavolsagi-lev-lap-postatiszta-forditott-felulnyomattal-bevi-vizsgalojellel-mi-873-phu-919-20-000-ft","status":"publish","type":"product","link":"https:\/\/stampcurio.com\/hu\/termek\/1946-szoveges-belyeg-tavolsagi-lev-lap-postatiszta-forditott-felulnyomattal-bevi-vizsgalojellel-mi-873-phu-919-20-000-ft\/","title":{"rendered":"1946. SZ\u00d6VEGES b\u00e9lyeg &#8220;T\u00e1vols\u00e1gi \/ lev.-lap&#8221; postatiszta ** ford\u00edtott fel\u00fclnyomattal B\u00c9VI vizsg\u00e1l\u00f3jellel Mi. 873. PHu 919. \/ 20. 000 Ft"},"content":{"rendered":"","protected":false},"excerpt":{"rendered":"","protected":false},"featured_media":11975,"template":"","meta":[],"product_brand":[],"product_cat":[73],"product_tag":[1044,116,217],"class_list":{"0":"post-7303","1":"product","2":"type-product","3":"status-publish","4":"has-post-thumbnail","6":"product_cat-magyarorszag-1st","7":"product_tag-1st-auction-hu","8":"product_tag-belyeg","9":"product_tag-tevnyomat","10":"pa_catalog_id-797","12":"first","13":"instock","14":"sold-individually","15":"shipping-taxable","16":"product-type-simple"},"_links":{"self":[{"href":"https:\/\/stampcurio.com\/hu\/wp-json\/wp\/v2\/product\/7303","targetHints":{"allow":["GET"]}}],"collection":[{"href":"https:\/\/stampcurio.com\/hu\/wp-json\/wp\/v2\/product"}],"about":[{"href":"https:\/\/stampcurio.com\/hu\/wp-json\/wp\/v2\/types\/product"}],"wp:featuredmedia":[{"embeddable":true,"href":"https:\/\/stampcurio.com\/hu\/wp-json\/wp\/v2\/media\/11975"}],"wp:attachment":[{"href":"https:\/\/stampcurio.com\/hu\/wp-json\/wp\/v2\/media?parent=7303"}],"wp:term":[{"taxonomy":"product_brand","embeddable":true,"href":"https:\/\/stampcurio.com\/hu\/wp-json\/wp\/v2\/product_brand?post=7303"},{"taxonomy":"product_cat","embeddable":true,"href":"https:\/\/stampcurio.com\/hu\/wp-json\/wp\/v2\/product_cat?post=7303"},{"taxonomy":"product_tag","embeddable":true,"href":"https:\/\/stampcurio.com\/hu\/wp-json\/wp\/v2\/product_tag?post=7303"}],"curies":[{"name":"wp","href":"https:\/\/api.w.org\/{rel}","templated":true}]}}