{"id":7279,"date":"2023-11-23T12:30:48","date_gmt":"2023-11-23T11:30:48","guid":{"rendered":"http:\/\/stampcurio.com\/?post_type=product&#038;p=7279"},"modified":"2025-12-05T04:10:38","modified_gmt":"2025-12-05T03:10:38","slug":"1945-kisegito-porto-belyeg-1p-10f-postatiszta-forditott-felulnyomattal-bevi-vizsgalojellel-mi-174-phu-176-20-000-ft","status":"publish","type":"product","link":"https:\/\/stampcurio.com\/hu\/termek\/1945-kisegito-porto-belyeg-1p-10f-postatiszta-forditott-felulnyomattal-bevi-vizsgalojellel-mi-174-phu-176-20-000-ft\/","title":{"rendered":"1945 . Kiseg\u00edt\u0151 port\u00f3 b\u00e9lyeg 1P \/ 10f  postatiszta ** ford\u00edtott fel\u00fclnyomattal B\u00c9VI vizsg\u00e1l\u00f3jellel Mi. 174. PHu 176. \/ 20. 000 Ft"},"content":{"rendered":"","protected":false},"excerpt":{"rendered":"","protected":false},"featured_media":11981,"template":"","meta":[],"product_brand":[],"product_cat":[73],"product_tag":[1044,116,1008,108,217],"class_list":{"0":"post-7279","1":"product","2":"type-product","3":"status-publish","4":"has-post-thumbnail","6":"product_cat-magyarorszag-1st","7":"product_tag-1st-auction-hu","8":"product_tag-belyeg","9":"product_tag-ebay","10":"product_tag-porto","11":"product_tag-tevnyomat","12":"pa_catalog_id-795","14":"first","15":"instock","16":"sold-individually","17":"shipping-taxable","18":"product-type-simple"},"_links":{"self":[{"href":"https:\/\/stampcurio.com\/hu\/wp-json\/wp\/v2\/product\/7279","targetHints":{"allow":["GET"]}}],"collection":[{"href":"https:\/\/stampcurio.com\/hu\/wp-json\/wp\/v2\/product"}],"about":[{"href":"https:\/\/stampcurio.com\/hu\/wp-json\/wp\/v2\/types\/product"}],"wp:featuredmedia":[{"embeddable":true,"href":"https:\/\/stampcurio.com\/hu\/wp-json\/wp\/v2\/media\/11981"}],"wp:attachment":[{"href":"https:\/\/stampcurio.com\/hu\/wp-json\/wp\/v2\/media?parent=7279"}],"wp:term":[{"taxonomy":"product_brand","embeddable":true,"href":"https:\/\/stampcurio.com\/hu\/wp-json\/wp\/v2\/product_brand?post=7279"},{"taxonomy":"product_cat","embeddable":true,"href":"https:\/\/stampcurio.com\/hu\/wp-json\/wp\/v2\/product_cat?post=7279"},{"taxonomy":"product_tag","embeddable":true,"href":"https:\/\/stampcurio.com\/hu\/wp-json\/wp\/v2\/product_tag?post=7279"}],"curies":[{"name":"wp","href":"https:\/\/api.w.org\/{rel}","templated":true}]}}