{"id":7198,"date":"2023-11-23T11:54:20","date_gmt":"2023-11-23T10:54:20","guid":{"rendered":"http:\/\/stampcurio.com\/?post_type=product&#038;p=7198"},"modified":"2025-12-05T04:10:40","modified_gmt":"2025-12-05T03:10:40","slug":"1994-1999-magyar-nepmoveszet-shil-papiros-belyegek-11512-fogazattal-phu-38-700-ft","status":"publish","type":"product","link":"https:\/\/stampcurio.com\/hu\/termek\/1994-1999-magyar-nepmoveszet-shil-papiros-belyegek-11512-fogazattal-phu-38-700-ft\/","title":{"rendered":"1994-1999 Magyar N\u00e9pm\u0151v\u00e9szet SHIL pap\u00edros b\u00e9lyegek 11,5:12 fogazattal PHu 38.700 Ft"},"content":{"rendered":"","protected":false},"excerpt":{"rendered":"","protected":false},"featured_media":12008,"template":"","meta":[],"product_brand":[],"product_cat":[73],"product_tag":[1044,116,1008],"class_list":{"0":"post-7198","1":"product","2":"type-product","3":"status-publish","4":"has-post-thumbnail","6":"product_cat-magyarorszag-1st","7":"product_tag-1st-auction-hu","8":"product_tag-belyeg","9":"product_tag-ebay","10":"pa_catalog_id-788","12":"first","13":"instock","14":"sold-individually","15":"shipping-taxable","16":"product-type-simple"},"_links":{"self":[{"href":"https:\/\/stampcurio.com\/hu\/wp-json\/wp\/v2\/product\/7198","targetHints":{"allow":["GET"]}}],"collection":[{"href":"https:\/\/stampcurio.com\/hu\/wp-json\/wp\/v2\/product"}],"about":[{"href":"https:\/\/stampcurio.com\/hu\/wp-json\/wp\/v2\/types\/product"}],"wp:featuredmedia":[{"embeddable":true,"href":"https:\/\/stampcurio.com\/hu\/wp-json\/wp\/v2\/media\/12008"}],"wp:attachment":[{"href":"https:\/\/stampcurio.com\/hu\/wp-json\/wp\/v2\/media?parent=7198"}],"wp:term":[{"taxonomy":"product_brand","embeddable":true,"href":"https:\/\/stampcurio.com\/hu\/wp-json\/wp\/v2\/product_brand?post=7198"},{"taxonomy":"product_cat","embeddable":true,"href":"https:\/\/stampcurio.com\/hu\/wp-json\/wp\/v2\/product_cat?post=7198"},{"taxonomy":"product_tag","embeddable":true,"href":"https:\/\/stampcurio.com\/hu\/wp-json\/wp\/v2\/product_tag?post=7198"}],"curies":[{"name":"wp","href":"https:\/\/api.w.org\/{rel}","templated":true}]}}