{"id":7190,"date":"2023-11-23T11:27:23","date_gmt":"2023-11-23T10:27:23","guid":{"rendered":"http:\/\/stampcurio.com\/?post_type=product&#038;p=7190"},"modified":"2025-12-05T04:10:41","modified_gmt":"2025-12-05T03:10:41","slug":"1945-felulnyomas-nelkuli-23-darabos-kisegito-belyeg-gyujtemeny-postatiszta-ritkan-lathato-ertekekkel","status":"publish","type":"product","link":"https:\/\/stampcurio.com\/hu\/termek\/1945-felulnyomas-nelkuli-23-darabos-kisegito-belyeg-gyujtemeny-postatiszta-ritkan-lathato-ertekekkel\/","title":{"rendered":"1945 fel\u00fclnyom\u00e1s n\u00e9lk\u00fcli 23 darabos kiseg\u00edt\u0151 b\u00e9lyeg gy\u0171jtem\u00e9ny postatiszta ** &#8211; ritk\u00e1n l\u00e1that\u00f3 \u00e9rt\u00e9kekkel"},"content":{"rendered":"","protected":false},"excerpt":{"rendered":"","protected":false},"featured_media":12013,"template":"","meta":[],"product_brand":[],"product_cat":[73],"product_tag":[1044,116,217],"class_list":{"0":"post-7190","1":"product","2":"type-product","3":"status-publish","4":"has-post-thumbnail","6":"product_cat-magyarorszag-1st","7":"product_tag-1st-auction-hu","8":"product_tag-belyeg","9":"product_tag-tevnyomat","10":"pa_catalog_id-787","12":"first","13":"instock","14":"sold-individually","15":"shipping-taxable","16":"product-type-simple"},"_links":{"self":[{"href":"https:\/\/stampcurio.com\/hu\/wp-json\/wp\/v2\/product\/7190","targetHints":{"allow":["GET"]}}],"collection":[{"href":"https:\/\/stampcurio.com\/hu\/wp-json\/wp\/v2\/product"}],"about":[{"href":"https:\/\/stampcurio.com\/hu\/wp-json\/wp\/v2\/types\/product"}],"wp:featuredmedia":[{"embeddable":true,"href":"https:\/\/stampcurio.com\/hu\/wp-json\/wp\/v2\/media\/12013"}],"wp:attachment":[{"href":"https:\/\/stampcurio.com\/hu\/wp-json\/wp\/v2\/media?parent=7190"}],"wp:term":[{"taxonomy":"product_brand","embeddable":true,"href":"https:\/\/stampcurio.com\/hu\/wp-json\/wp\/v2\/product_brand?post=7190"},{"taxonomy":"product_cat","embeddable":true,"href":"https:\/\/stampcurio.com\/hu\/wp-json\/wp\/v2\/product_cat?post=7190"},{"taxonomy":"product_tag","embeddable":true,"href":"https:\/\/stampcurio.com\/hu\/wp-json\/wp\/v2\/product_tag?post=7190"}],"curies":[{"name":"wp","href":"https:\/\/api.w.org\/{rel}","templated":true}]}}