{"id":7160,"date":"2023-11-23T11:12:47","date_gmt":"2023-11-23T10:12:47","guid":{"rendered":"http:\/\/stampcurio.com\/?post_type=product&#038;p=7160"},"modified":"2025-12-05T04:10:41","modified_gmt":"2025-12-05T03:10:41","slug":"1933-repulo-ii-postatiszta-legiposta-sor-phu-85-000-ft","status":"publish","type":"product","link":"https:\/\/stampcurio.com\/hu\/termek\/1933-repulo-ii-postatiszta-legiposta-sor-phu-85-000-ft\/","title":{"rendered":"1933 REP\u00dcL\u0150 II. postatiszta ** l\u00e9giposta sor PHu 85.000 Ft"},"content":{"rendered":"","protected":false},"excerpt":{"rendered":"","protected":false},"featured_media":12022,"template":"","meta":[],"product_brand":[],"product_cat":[73],"product_tag":[1044,116,115],"class_list":{"0":"post-7160","1":"product","2":"type-product","3":"status-publish","4":"has-post-thumbnail","6":"product_cat-magyarorszag-1st","7":"product_tag-1st-auction-hu","8":"product_tag-belyeg","9":"product_tag-legiposta","10":"pa_catalog_id-785","12":"first","13":"instock","14":"sold-individually","15":"shipping-taxable","16":"product-type-simple"},"_links":{"self":[{"href":"https:\/\/stampcurio.com\/hu\/wp-json\/wp\/v2\/product\/7160","targetHints":{"allow":["GET"]}}],"collection":[{"href":"https:\/\/stampcurio.com\/hu\/wp-json\/wp\/v2\/product"}],"about":[{"href":"https:\/\/stampcurio.com\/hu\/wp-json\/wp\/v2\/types\/product"}],"wp:featuredmedia":[{"embeddable":true,"href":"https:\/\/stampcurio.com\/hu\/wp-json\/wp\/v2\/media\/12022"}],"wp:attachment":[{"href":"https:\/\/stampcurio.com\/hu\/wp-json\/wp\/v2\/media?parent=7160"}],"wp:term":[{"taxonomy":"product_brand","embeddable":true,"href":"https:\/\/stampcurio.com\/hu\/wp-json\/wp\/v2\/product_brand?post=7160"},{"taxonomy":"product_cat","embeddable":true,"href":"https:\/\/stampcurio.com\/hu\/wp-json\/wp\/v2\/product_cat?post=7160"},{"taxonomy":"product_tag","embeddable":true,"href":"https:\/\/stampcurio.com\/hu\/wp-json\/wp\/v2\/product_tag?post=7160"}],"curies":[{"name":"wp","href":"https:\/\/api.w.org\/{rel}","templated":true}]}}