{"id":7146,"date":"2023-11-23T11:07:42","date_gmt":"2023-11-23T10:07:42","guid":{"rendered":"http:\/\/stampcurio.com\/?post_type=product&#038;p=7146"},"modified":"2025-12-05T04:10:42","modified_gmt":"2025-12-05T03:10:42","slug":"1930-tho-ma-hasznalatlan-hirdetmenyes-zart-dijjegyes-levelezolap-phu-200-000-ft","status":"publish","type":"product","link":"https:\/\/stampcurio.com\/hu\/termek\/1930-tho-ma-hasznalatlan-hirdetmenyes-zart-dijjegyes-levelezolap-phu-200-000-ft\/","title":{"rendered":"1930 THO-MA haszn\u00e1latlan hirdetm\u00e9nyes z\u00e1rt d\u00edjjegyes levelez\u0151lap Phu: 200.000 Ft"},"content":{"rendered":"","protected":false},"excerpt":{"rendered":"<p>A d\u00edjjegyes als\u00f3 r\u00e9sze nem hi\u00e1nyos, hanem \u00edgy k\u00e9sz\u00edtett\u00e9k, az als\u00f3 enyvezett \u00edvsz\u00e9l visszahajt\u00e1s\u00e1val lehetett lez\u00e1rni a levelez\u0151lapot.<\/p>\n","protected":false},"featured_media":11970,"template":"","meta":[],"product_brand":[],"product_cat":[73],"product_tag":[1044,74,75],"class_list":{"0":"post-7146","1":"product","2":"type-product","3":"status-publish","4":"has-post-thumbnail","6":"product_cat-magyarorszag-1st","7":"product_tag-1st-auction-hu","8":"product_tag-dijjegyes","9":"product_tag-reklam","10":"pa_catalog_id-784","12":"first","13":"instock","14":"sold-individually","15":"shipping-taxable","16":"product-type-simple"},"_links":{"self":[{"href":"https:\/\/stampcurio.com\/hu\/wp-json\/wp\/v2\/product\/7146","targetHints":{"allow":["GET"]}}],"collection":[{"href":"https:\/\/stampcurio.com\/hu\/wp-json\/wp\/v2\/product"}],"about":[{"href":"https:\/\/stampcurio.com\/hu\/wp-json\/wp\/v2\/types\/product"}],"wp:featuredmedia":[{"embeddable":true,"href":"https:\/\/stampcurio.com\/hu\/wp-json\/wp\/v2\/media\/11970"}],"wp:attachment":[{"href":"https:\/\/stampcurio.com\/hu\/wp-json\/wp\/v2\/media?parent=7146"}],"wp:term":[{"taxonomy":"product_brand","embeddable":true,"href":"https:\/\/stampcurio.com\/hu\/wp-json\/wp\/v2\/product_brand?post=7146"},{"taxonomy":"product_cat","embeddable":true,"href":"https:\/\/stampcurio.com\/hu\/wp-json\/wp\/v2\/product_cat?post=7146"},{"taxonomy":"product_tag","embeddable":true,"href":"https:\/\/stampcurio.com\/hu\/wp-json\/wp\/v2\/product_tag?post=7146"}],"curies":[{"name":"wp","href":"https:\/\/api.w.org\/{rel}","templated":true}]}}