{"id":7132,"date":"2023-11-23T10:59:20","date_gmt":"2023-11-23T09:59:20","guid":{"rendered":"http:\/\/stampcurio.com\/?post_type=product&#038;p=7132"},"modified":"2025-12-05T04:10:42","modified_gmt":"2025-12-05T03:10:42","slug":"1945-felszabadulas-postatiszta-szep-sor-ivszeles-negyes-tombokben-phu-26-000-ft","status":"publish","type":"product","link":"https:\/\/stampcurio.com\/hu\/termek\/1945-felszabadulas-postatiszta-szep-sor-ivszeles-negyes-tombokben-phu-26-000-ft\/","title":{"rendered":"1945 felszabadul\u00e1s postatiszta ** sz\u00e9p sor \u00edvsz\u00e9les n\u00e9gyes t\u00f6mb\u00f6kben PHu 26.000 Ft"},"content":{"rendered":"","protected":false},"excerpt":{"rendered":"<p>A b\u00e9lyegek sz\u00e9pen fil\u00e1zva vannak, ez\u00e9rt nem lettek kibontva, csak k\u00e9t darab bemutat\u00e1si c\u00e9lb\u00f3l.<\/p>\n","protected":false},"featured_media":7142,"template":"","meta":[],"product_brand":[],"product_cat":[73],"product_tag":[1044,116],"class_list":{"0":"post-7132","1":"product","2":"type-product","3":"status-publish","4":"has-post-thumbnail","6":"product_cat-magyarorszag-1st","7":"product_tag-1st-auction-hu","8":"product_tag-belyeg","9":"pa_catalog_id-783","11":"first","12":"instock","13":"sold-individually","14":"shipping-taxable","15":"product-type-simple"},"_links":{"self":[{"href":"https:\/\/stampcurio.com\/hu\/wp-json\/wp\/v2\/product\/7132","targetHints":{"allow":["GET"]}}],"collection":[{"href":"https:\/\/stampcurio.com\/hu\/wp-json\/wp\/v2\/product"}],"about":[{"href":"https:\/\/stampcurio.com\/hu\/wp-json\/wp\/v2\/types\/product"}],"wp:featuredmedia":[{"embeddable":true,"href":"https:\/\/stampcurio.com\/hu\/wp-json\/wp\/v2\/media\/7142"}],"wp:attachment":[{"href":"https:\/\/stampcurio.com\/hu\/wp-json\/wp\/v2\/media?parent=7132"}],"wp:term":[{"taxonomy":"product_brand","embeddable":true,"href":"https:\/\/stampcurio.com\/hu\/wp-json\/wp\/v2\/product_brand?post=7132"},{"taxonomy":"product_cat","embeddable":true,"href":"https:\/\/stampcurio.com\/hu\/wp-json\/wp\/v2\/product_cat?post=7132"},{"taxonomy":"product_tag","embeddable":true,"href":"https:\/\/stampcurio.com\/hu\/wp-json\/wp\/v2\/product_tag?post=7132"}],"curies":[{"name":"wp","href":"https:\/\/api.w.org\/{rel}","templated":true}]}}