{"id":7118,"date":"2023-11-23T00:21:48","date_gmt":"2023-11-22T23:21:48","guid":{"rendered":"http:\/\/stampcurio.com\/?post_type=product&#038;p=7118"},"modified":"2025-12-05T04:10:42","modified_gmt":"2025-12-05T03:10:42","slug":"1941-aprilis-tabori-posta-gyujtemeny-a-delvideki-hadjaratbol-31-kuldemeny-kulonfele-belyegzesekkel","status":"publish","type":"product","link":"https:\/\/stampcurio.com\/hu\/termek\/1941-aprilis-tabori-posta-gyujtemeny-a-delvideki-hadjaratbol-31-kuldemeny-kulonfele-belyegzesekkel\/","title":{"rendered":"1941. \u00e1prilis &#8211; t\u00e1bori posta gy\u00fcjtem\u00e9ny a d\u00e9lvid\u00e9ki hadj\u00e1ratb\u00f3l &#8211; 31 k\u00fcldem\u00e9ny k\u00fcl\u00f6nf\u00e9le b\u00e9lyegz\u00e9sekkel"},"content":{"rendered":"","protected":false},"excerpt":{"rendered":"","protected":false},"featured_media":7125,"template":"","meta":[],"product_brand":[],"product_cat":[222,78,73,135,402],"product_tag":[1044,67,89,208],"class_list":{"0":"post-7118","1":"product","2":"type-product","3":"status-publish","4":"has-post-thumbnail","6":"product_cat-bosznia-hercegovina-1st","7":"product_cat-horvatorszag-1st","8":"product_cat-magyarorszag-1st","9":"product_cat-szerbia-1st","10":"product_cat-szlovenia-1st","11":"product_tag-1st-auction-hu","12":"product_tag-marcofilatelia","13":"product_tag-postatortenet","14":"product_tag-tabori-posta","15":"pa_catalog_id-782","17":"first","18":"instock","19":"sold-individually","20":"shipping-taxable","21":"product-type-simple"},"_links":{"self":[{"href":"https:\/\/stampcurio.com\/hu\/wp-json\/wp\/v2\/product\/7118","targetHints":{"allow":["GET"]}}],"collection":[{"href":"https:\/\/stampcurio.com\/hu\/wp-json\/wp\/v2\/product"}],"about":[{"href":"https:\/\/stampcurio.com\/hu\/wp-json\/wp\/v2\/types\/product"}],"wp:featuredmedia":[{"embeddable":true,"href":"https:\/\/stampcurio.com\/hu\/wp-json\/wp\/v2\/media\/7125"}],"wp:attachment":[{"href":"https:\/\/stampcurio.com\/hu\/wp-json\/wp\/v2\/media?parent=7118"}],"wp:term":[{"taxonomy":"product_brand","embeddable":true,"href":"https:\/\/stampcurio.com\/hu\/wp-json\/wp\/v2\/product_brand?post=7118"},{"taxonomy":"product_cat","embeddable":true,"href":"https:\/\/stampcurio.com\/hu\/wp-json\/wp\/v2\/product_cat?post=7118"},{"taxonomy":"product_tag","embeddable":true,"href":"https:\/\/stampcurio.com\/hu\/wp-json\/wp\/v2\/product_tag?post=7118"}],"curies":[{"name":"wp","href":"https:\/\/api.w.org\/{rel}","templated":true}]}}