{"id":7103,"date":"2023-11-23T00:14:42","date_gmt":"2023-11-22T23:14:42","guid":{"rendered":"http:\/\/stampcurio.com\/?post_type=product&#038;p=7103"},"modified":"2025-12-05T04:10:43","modified_gmt":"2025-12-05T03:10:43","slug":"1909-komplett-hibatlan-belyegfuzet-10f-turul-belyegekkel-phu-bf1-300-000-ft","status":"publish","type":"product","link":"https:\/\/stampcurio.com\/hu\/termek\/1909-komplett-hibatlan-belyegfuzet-10f-turul-belyegekkel-phu-bf1-300-000-ft\/","title":{"rendered":"1909 komplett hib\u00e1tlan b\u00e9lyegf\u00fczet &#8211; 10f turul b\u00e9lyegekkel,  PHu BF1 \/ 300.000 Ft"},"content":{"rendered":"","protected":false},"excerpt":{"rendered":"","protected":false},"featured_media":11934,"template":"","meta":[],"product_brand":[],"product_cat":[73],"product_tag":[1044,116,235,176],"class_list":{"0":"post-7103","1":"product","2":"type-product","3":"status-publish","4":"has-post-thumbnail","6":"product_cat-magyarorszag-1st","7":"product_tag-1st-auction-hu","8":"product_tag-belyeg","9":"product_tag-belyegfuzet","10":"product_tag-philagem","11":"pa_catalog_id-781","13":"first","14":"instock","15":"sold-individually","16":"shipping-taxable","17":"product-type-simple"},"_links":{"self":[{"href":"https:\/\/stampcurio.com\/hu\/wp-json\/wp\/v2\/product\/7103","targetHints":{"allow":["GET"]}}],"collection":[{"href":"https:\/\/stampcurio.com\/hu\/wp-json\/wp\/v2\/product"}],"about":[{"href":"https:\/\/stampcurio.com\/hu\/wp-json\/wp\/v2\/types\/product"}],"wp:featuredmedia":[{"embeddable":true,"href":"https:\/\/stampcurio.com\/hu\/wp-json\/wp\/v2\/media\/11934"}],"wp:attachment":[{"href":"https:\/\/stampcurio.com\/hu\/wp-json\/wp\/v2\/media?parent=7103"}],"wp:term":[{"taxonomy":"product_brand","embeddable":true,"href":"https:\/\/stampcurio.com\/hu\/wp-json\/wp\/v2\/product_brand?post=7103"},{"taxonomy":"product_cat","embeddable":true,"href":"https:\/\/stampcurio.com\/hu\/wp-json\/wp\/v2\/product_cat?post=7103"},{"taxonomy":"product_tag","embeddable":true,"href":"https:\/\/stampcurio.com\/hu\/wp-json\/wp\/v2\/product_tag?post=7103"}],"curies":[{"name":"wp","href":"https:\/\/api.w.org\/{rel}","templated":true}]}}