{"id":7098,"date":"2023-11-22T22:18:47","date_gmt":"2023-11-22T21:18:47","guid":{"rendered":"http:\/\/stampcurio.com\/?post_type=product&#038;p=7098"},"modified":"2025-12-05T04:10:43","modified_gmt":"2025-12-05T03:10:43","slug":"1994-1996-feszty-korkep-postatiszta-teljes-ivekben-i-iv-sorozatok-phu-13-000-ft","status":"publish","type":"product","link":"https:\/\/stampcurio.com\/hu\/termek\/1994-1996-feszty-korkep-postatiszta-teljes-ivekben-i-iv-sorozatok-phu-13-000-ft\/","title":{"rendered":"1994-1996 FESZTY K\u00d6RK\u00c9P postatiszta ** teljes \u00edvekben I &#8211; IV. sorozatok PHu: 13.000 Ft"},"content":{"rendered":"","protected":false},"excerpt":{"rendered":"","protected":false},"featured_media":7099,"template":"","meta":[],"product_brand":[],"product_cat":[73],"product_tag":[1044,116],"class_list":{"0":"post-7098","1":"product","2":"type-product","3":"status-publish","4":"has-post-thumbnail","6":"product_cat-magyarorszag-1st","7":"product_tag-1st-auction-hu","8":"product_tag-belyeg","9":"pa_catalog_id-780","11":"first","12":"instock","13":"sold-individually","14":"shipping-taxable","15":"product-type-simple"},"_links":{"self":[{"href":"https:\/\/stampcurio.com\/hu\/wp-json\/wp\/v2\/product\/7098","targetHints":{"allow":["GET"]}}],"collection":[{"href":"https:\/\/stampcurio.com\/hu\/wp-json\/wp\/v2\/product"}],"about":[{"href":"https:\/\/stampcurio.com\/hu\/wp-json\/wp\/v2\/types\/product"}],"wp:featuredmedia":[{"embeddable":true,"href":"https:\/\/stampcurio.com\/hu\/wp-json\/wp\/v2\/media\/7099"}],"wp:attachment":[{"href":"https:\/\/stampcurio.com\/hu\/wp-json\/wp\/v2\/media?parent=7098"}],"wp:term":[{"taxonomy":"product_brand","embeddable":true,"href":"https:\/\/stampcurio.com\/hu\/wp-json\/wp\/v2\/product_brand?post=7098"},{"taxonomy":"product_cat","embeddable":true,"href":"https:\/\/stampcurio.com\/hu\/wp-json\/wp\/v2\/product_cat?post=7098"},{"taxonomy":"product_tag","embeddable":true,"href":"https:\/\/stampcurio.com\/hu\/wp-json\/wp\/v2\/product_tag?post=7098"}],"curies":[{"name":"wp","href":"https:\/\/api.w.org\/{rel}","templated":true}]}}