{"id":7084,"date":"2023-11-22T22:14:26","date_gmt":"2023-11-22T21:14:26","guid":{"rendered":"http:\/\/stampcurio.com\/?post_type=product&#038;p=7084"},"modified":"2025-12-05T04:10:43","modified_gmt":"2025-12-05T03:10:43","slug":"1946-nemetorszag-orosz-zona-sachsen-teljes-sor-postatiszta-ivekben-75-eur","status":"publish","type":"product","link":"https:\/\/stampcurio.com\/hu\/termek\/1946-nemetorszag-orosz-zona-sachsen-teljes-sor-postatiszta-ivekben-75-eur\/","title":{"rendered":"1946 N\u00e9metorsz\u00e1g &#8211; Orosz z\u00f3na SACHSEN teljes sor postatiszta ** \u00edvekben 75 EUR"},"content":{"rendered":"","protected":false},"excerpt":{"rendered":"","protected":false},"featured_media":7343,"template":"","meta":[],"product_brand":[],"product_cat":[113,124],"product_tag":[1044,116],"class_list":{"0":"post-7084","1":"product","2":"type-product","3":"status-publish","4":"has-post-thumbnail","6":"product_cat-nemetorszag-1st","7":"product_cat-oroszorszag-1st","8":"product_tag-1st-auction-hu","9":"product_tag-belyeg","10":"pa_catalog_id-779","12":"first","13":"instock","14":"sold-individually","15":"shipping-taxable","16":"product-type-simple"},"_links":{"self":[{"href":"https:\/\/stampcurio.com\/hu\/wp-json\/wp\/v2\/product\/7084","targetHints":{"allow":["GET"]}}],"collection":[{"href":"https:\/\/stampcurio.com\/hu\/wp-json\/wp\/v2\/product"}],"about":[{"href":"https:\/\/stampcurio.com\/hu\/wp-json\/wp\/v2\/types\/product"}],"wp:featuredmedia":[{"embeddable":true,"href":"https:\/\/stampcurio.com\/hu\/wp-json\/wp\/v2\/media\/7343"}],"wp:attachment":[{"href":"https:\/\/stampcurio.com\/hu\/wp-json\/wp\/v2\/media?parent=7084"}],"wp:term":[{"taxonomy":"product_brand","embeddable":true,"href":"https:\/\/stampcurio.com\/hu\/wp-json\/wp\/v2\/product_brand?post=7084"},{"taxonomy":"product_cat","embeddable":true,"href":"https:\/\/stampcurio.com\/hu\/wp-json\/wp\/v2\/product_cat?post=7084"},{"taxonomy":"product_tag","embeddable":true,"href":"https:\/\/stampcurio.com\/hu\/wp-json\/wp\/v2\/product_tag?post=7084"}],"curies":[{"name":"wp","href":"https:\/\/api.w.org\/{rel}","templated":true}]}}