{"id":7076,"date":"2023-11-22T21:59:41","date_gmt":"2023-11-22T20:59:41","guid":{"rendered":"http:\/\/stampcurio.com\/?post_type=product&#038;p=7076"},"modified":"2025-12-05T04:10:44","modified_gmt":"2025-12-05T03:10:44","slug":"1861-evi-nagy-meretu-dijjegyes-boritek-1884-evi-ujnyomata-teljes-kreuzer-sor","status":"publish","type":"product","link":"https:\/\/stampcurio.com\/hu\/termek\/1861-evi-nagy-meretu-dijjegyes-boritek-1884-evi-ujnyomata-teljes-kreuzer-sor\/","title":{"rendered":"1861. \u00e9vi nagy m\u00e9ret\u0171 d\u00edjjegyes bor\u00edt\u00e9k 1884. \u00e9vi \u00fajnyomata &#8211; teljes kreuzer sor"},"content":{"rendered":"","protected":false},"excerpt":{"rendered":"","protected":false},"featured_media":11940,"template":"","meta":[],"product_brand":[],"product_cat":[60,73,86],"product_tag":[1044,74],"class_list":{"0":"post-7076","1":"product","2":"type-product","3":"status-publish","4":"has-post-thumbnail","6":"product_cat-ausztria-1st","7":"product_cat-magyarorszag-1st","8":"product_cat-olaszorszag-1st","9":"product_tag-1st-auction-hu","10":"product_tag-dijjegyes","11":"pa_catalog_id-778","13":"first","14":"instock","15":"sold-individually","16":"shipping-taxable","17":"product-type-simple"},"_links":{"self":[{"href":"https:\/\/stampcurio.com\/hu\/wp-json\/wp\/v2\/product\/7076","targetHints":{"allow":["GET"]}}],"collection":[{"href":"https:\/\/stampcurio.com\/hu\/wp-json\/wp\/v2\/product"}],"about":[{"href":"https:\/\/stampcurio.com\/hu\/wp-json\/wp\/v2\/types\/product"}],"wp:featuredmedia":[{"embeddable":true,"href":"https:\/\/stampcurio.com\/hu\/wp-json\/wp\/v2\/media\/11940"}],"wp:attachment":[{"href":"https:\/\/stampcurio.com\/hu\/wp-json\/wp\/v2\/media?parent=7076"}],"wp:term":[{"taxonomy":"product_brand","embeddable":true,"href":"https:\/\/stampcurio.com\/hu\/wp-json\/wp\/v2\/product_brand?post=7076"},{"taxonomy":"product_cat","embeddable":true,"href":"https:\/\/stampcurio.com\/hu\/wp-json\/wp\/v2\/product_cat?post=7076"},{"taxonomy":"product_tag","embeddable":true,"href":"https:\/\/stampcurio.com\/hu\/wp-json\/wp\/v2\/product_tag?post=7076"}],"curies":[{"name":"wp","href":"https:\/\/api.w.org\/{rel}","templated":true}]}}