{"id":7057,"date":"2023-11-22T21:53:19","date_gmt":"2023-11-22T20:53:19","guid":{"rendered":"http:\/\/stampcurio.com\/?post_type=product&#038;p=7057"},"modified":"2025-12-05T04:10:44","modified_gmt":"2025-12-05T03:10:44","slug":"1880-olaszorszag-47-darab-dijjegyes-lap-mindegyik-masfajta","status":"publish","type":"product","link":"https:\/\/stampcurio.com\/hu\/termek\/1880-olaszorszag-47-darab-dijjegyes-lap-mindegyik-masfajta\/","title":{"rendered":"~1880 Olaszorsz\u00e1g 47 darab d\u00edjjegyes lap mindegyik m\u00e1sfajta"},"content":{"rendered":"","protected":false},"excerpt":{"rendered":"","protected":false},"featured_media":7070,"template":"","meta":[],"product_brand":[],"product_cat":[776,86],"product_tag":[1044,74],"class_list":{"0":"post-7057","1":"product","2":"type-product","3":"status-publish","4":"has-post-thumbnail","6":"product_cat-eritrea-1st","7":"product_cat-olaszorszag-1st","8":"product_tag-1st-auction-hu","9":"product_tag-dijjegyes","10":"pa_catalog_id-775","12":"first","13":"instock","14":"sold-individually","15":"shipping-taxable","16":"product-type-simple"},"_links":{"self":[{"href":"https:\/\/stampcurio.com\/hu\/wp-json\/wp\/v2\/product\/7057","targetHints":{"allow":["GET"]}}],"collection":[{"href":"https:\/\/stampcurio.com\/hu\/wp-json\/wp\/v2\/product"}],"about":[{"href":"https:\/\/stampcurio.com\/hu\/wp-json\/wp\/v2\/types\/product"}],"wp:featuredmedia":[{"embeddable":true,"href":"https:\/\/stampcurio.com\/hu\/wp-json\/wp\/v2\/media\/7070"}],"wp:attachment":[{"href":"https:\/\/stampcurio.com\/hu\/wp-json\/wp\/v2\/media?parent=7057"}],"wp:term":[{"taxonomy":"product_brand","embeddable":true,"href":"https:\/\/stampcurio.com\/hu\/wp-json\/wp\/v2\/product_brand?post=7057"},{"taxonomy":"product_cat","embeddable":true,"href":"https:\/\/stampcurio.com\/hu\/wp-json\/wp\/v2\/product_cat?post=7057"},{"taxonomy":"product_tag","embeddable":true,"href":"https:\/\/stampcurio.com\/hu\/wp-json\/wp\/v2\/product_tag?post=7057"}],"curies":[{"name":"wp","href":"https:\/\/api.w.org\/{rel}","templated":true}]}}