{"id":7034,"date":"2023-11-22T19:18:12","date_gmt":"2023-11-22T18:18:12","guid":{"rendered":"http:\/\/stampcurio.com\/?post_type=product&#038;p=7034"},"modified":"2025-12-05T04:10:47","modified_gmt":"2025-12-05T03:10:47","slug":"1950-forint-filler-porto-20f-ivsarki-pecsetelt-hatostomb-fiellr-tevnyomat","status":"publish","type":"product","link":"https:\/\/stampcurio.com\/hu\/termek\/1950-forint-filler-porto-20f-ivsarki-pecsetelt-hatostomb-fiellr-tevnyomat\/","title":{"rendered":"1950 Forint &#8211; Fill\u00e9r port\u00f3 20f \u00edvsarki pecs\u00e9telt hatost\u00f6mb FI\u00c9LLR t\u00e9vnyomat"},"content":{"rendered":"","protected":false},"excerpt":{"rendered":"","protected":false},"featured_media":6972,"template":"","meta":[],"product_brand":[],"product_cat":[73],"product_tag":[1044,116,108,217],"class_list":{"0":"post-7034","1":"product","2":"type-product","3":"status-publish","4":"has-post-thumbnail","6":"product_cat-magyarorszag-1st","7":"product_tag-1st-auction-hu","8":"product_tag-belyeg","9":"product_tag-porto","10":"product_tag-tevnyomat","11":"pa_catalog_id-767","13":"first","14":"instock","15":"sold-individually","16":"shipping-taxable","17":"product-type-simple"},"_links":{"self":[{"href":"https:\/\/stampcurio.com\/hu\/wp-json\/wp\/v2\/product\/7034","targetHints":{"allow":["GET"]}}],"collection":[{"href":"https:\/\/stampcurio.com\/hu\/wp-json\/wp\/v2\/product"}],"about":[{"href":"https:\/\/stampcurio.com\/hu\/wp-json\/wp\/v2\/types\/product"}],"wp:featuredmedia":[{"embeddable":true,"href":"https:\/\/stampcurio.com\/hu\/wp-json\/wp\/v2\/media\/6972"}],"wp:attachment":[{"href":"https:\/\/stampcurio.com\/hu\/wp-json\/wp\/v2\/media?parent=7034"}],"wp:term":[{"taxonomy":"product_brand","embeddable":true,"href":"https:\/\/stampcurio.com\/hu\/wp-json\/wp\/v2\/product_brand?post=7034"},{"taxonomy":"product_cat","embeddable":true,"href":"https:\/\/stampcurio.com\/hu\/wp-json\/wp\/v2\/product_cat?post=7034"},{"taxonomy":"product_tag","embeddable":true,"href":"https:\/\/stampcurio.com\/hu\/wp-json\/wp\/v2\/product_tag?post=7034"}],"curies":[{"name":"wp","href":"https:\/\/api.w.org\/{rel}","templated":true}]}}