{"id":7030,"date":"2023-11-22T19:12:00","date_gmt":"2023-11-22T18:12:00","guid":{"rendered":"http:\/\/stampcurio.com\/?post_type=product&#038;p=7030"},"modified":"2025-12-05T04:10:48","modified_gmt":"2025-12-05T03:10:48","slug":"1987-ketfele-postatiszta-kastelyok-100ft-az-egyik-shil-papiron-a-masik-matt-savozott-enyvezessel-phu-36-000-ft","status":"publish","type":"product","link":"https:\/\/stampcurio.com\/hu\/termek\/1987-ketfele-postatiszta-kastelyok-100ft-az-egyik-shil-papiron-a-masik-matt-savozott-enyvezessel-phu-36-000-ft\/","title":{"rendered":"1987 k\u00e9tf\u00e9le postatiszta ** KAST\u00c9LYOK 100Ft &#8211; Az egyik SHIL pap\u00edron a m\u00e1sik matt s\u00e1vozott enyvez\u00e9ssel PHu 36.000 Ft"},"content":{"rendered":"","protected":false},"excerpt":{"rendered":"","protected":false},"featured_media":6957,"template":"","meta":[],"product_brand":[],"product_cat":[73],"product_tag":[1044,116],"class_list":{"0":"post-7030","1":"product","2":"type-product","3":"status-publish","4":"has-post-thumbnail","6":"product_cat-magyarorszag-1st","7":"product_tag-1st-auction-hu","8":"product_tag-belyeg","9":"pa_catalog_id-765","11":"first","12":"instock","13":"sold-individually","14":"shipping-taxable","15":"product-type-simple"},"_links":{"self":[{"href":"https:\/\/stampcurio.com\/hu\/wp-json\/wp\/v2\/product\/7030","targetHints":{"allow":["GET"]}}],"collection":[{"href":"https:\/\/stampcurio.com\/hu\/wp-json\/wp\/v2\/product"}],"about":[{"href":"https:\/\/stampcurio.com\/hu\/wp-json\/wp\/v2\/types\/product"}],"wp:featuredmedia":[{"embeddable":true,"href":"https:\/\/stampcurio.com\/hu\/wp-json\/wp\/v2\/media\/6957"}],"wp:attachment":[{"href":"https:\/\/stampcurio.com\/hu\/wp-json\/wp\/v2\/media?parent=7030"}],"wp:term":[{"taxonomy":"product_brand","embeddable":true,"href":"https:\/\/stampcurio.com\/hu\/wp-json\/wp\/v2\/product_brand?post=7030"},{"taxonomy":"product_cat","embeddable":true,"href":"https:\/\/stampcurio.com\/hu\/wp-json\/wp\/v2\/product_cat?post=7030"},{"taxonomy":"product_tag","embeddable":true,"href":"https:\/\/stampcurio.com\/hu\/wp-json\/wp\/v2\/product_tag?post=7030"}],"curies":[{"name":"wp","href":"https:\/\/api.w.org\/{rel}","templated":true}]}}